{"id":1553,"date":"2021-11-24T17:01:52","date_gmt":"2021-11-24T17:01:52","guid":{"rendered":"https:\/\/goscwdom.com\/?page_id=1553"},"modified":"2025-03-23T20:40:38","modified_gmt":"2025-03-23T20:40:38","slug":"o-nas","status":"publish","type":"page","link":"https:\/\/goscwdom.com\/index.php\/o-nas\/","title":{"rendered":"O nas"},"content":{"rendered":"<p>Restauracja Go\u015b\u0107 w Dom prowadzi us\u0142ugi gastronomiczne i hotelowe od roku 2011. Opieraj\u0105 si\u0119 g\u0142\u00f3wnie na przygotowaniu imprez: wesela, komunie, przyj\u0119cia okoliczno\u015bciowe i firmowe.<\/p>\n<p>Oferujemy\u00a0 naszym go\u015bciom wyj\u0105tkowe potrawy przygotowane w oparciu o produkty od regionalnych dostawc\u00f3w. W roku 2017 zostali\u015bmy zaproszeni do programy Kuchenne Rewolucje i po udziale w nim , rozszerzyli\u015bmy zakres us\u0142ug o wprowadzenie cateringu i sprzeda\u017c gotowych wyrob\u00f3w w s\u0142oikach oraz wyj\u0105tkowe dania z dziczyzny.<\/p>\n<p>W Naszej gminie i nie tylko,\u00a0 jeste\u015bmy bardzo dobrze rozpoznawalnym przedsi\u0119biorc\u0105, z naszych us\u0142ug korzysta nie tylko klient indywidualny ale r\u00f3wnie\u017c klient biznesowy.<\/p>\n<p>Wprowadzili\u015bmy us\u0142ugi w zakresie organizacji warsztat\u00f3w kulinarnych i szkole\u0144 dietetycznych z organizujemy cykle\u00a0 aktywnego wypoczynku dla rodzin i turyst\u00f3w.<\/p>\n<p>Du\u017c\u0105\u00a0 atrakcj\u0105 jest Szlak Drewnianych Ko\u015bcio\u0142\u00f3w ( jeden z nich znajduje si\u0119 obok naszej restauracji ) oraz rzeka Obra i jezioro B\u0142\u0119dno,\u00a0 jak r\u00f3wnie\u017c bardzo pi\u0119kne krajobrazowo \u015bcie\u017cki rowerowe i piesze. Zach\u0119camy Pa\u0144stwa do zapoznania si\u0119 z naszymi propozycjami i skorzystania z naszej oferty.<\/p>\n<p><a role=\"button\" href=\"https:\/\/goscwdom.com\/index.php\/szkolenia\/aktywny-weekend\/\"><br \/>\nZobacz nasz\u0105 oferte<br \/>\n<\/a><\/p>\n<section id=\"galeria\">\n<h2>Galeria<\/h2>\n<p><a title=\"16112816_1179515238784111_9216531891685683263_o\" href=\"https:\/\/goscwdom.com\/wp-content\/uploads\/2021\/10\/16112816_1179515238784111_9216531891685683263_o-1.jpeg\"><img decoding=\"async\" src=\"https:\/\/goscwdom.com\/wp-content\/uploads\/2021\/10\/16112816_1179515238784111_9216531891685683263_o-1-480x300.jpeg\" alt=\"16112816_1179515238784111_9216531891685683263_o\" \/><\/a><a title=\"35238009_1673553602713603_4450004165002788864_n\" href=\"https:\/\/goscwdom.com\/wp-content\/uploads\/2021\/10\/35238009_1673553602713603_4450004165002788864_n-1.jpeg\"><img decoding=\"async\" src=\"https:\/\/goscwdom.com\/wp-content\/uploads\/2021\/10\/35238009_1673553602713603_4450004165002788864_n-1-480x300.jpeg\" alt=\"35238009_1673553602713603_4450004165002788864_n\" \/><\/a><a title=\"25398931_1496853420383623_1337322396436263343_n\" href=\"https:\/\/goscwdom.com\/wp-content\/uploads\/2021\/10\/25398931_1496853420383623_1337322396436263343_n.jpeg\"><img decoding=\"async\" src=\"https:\/\/goscwdom.com\/wp-content\/uploads\/2021\/10\/25398931_1496853420383623_1337322396436263343_n-480x300.jpeg\" alt=\"25398931_1496853420383623_1337322396436263343_n\" \/><\/a><a title=\"27067550_1535486653186966_7186206321727231191_n\" href=\"https:\/\/goscwdom.com\/wp-content\/uploads\/2021\/10\/27067550_1535486653186966_7186206321727231191_n.jpeg\"><img decoding=\"async\" src=\"https:\/\/goscwdom.com\/wp-content\/uploads\/2021\/10\/27067550_1535486653186966_7186206321727231191_n-480x300.jpeg\" alt=\"27067550_1535486653186966_7186206321727231191_n\" \/><\/a><a title=\"27540290_1547319895336975_5021259734175605533_n\" href=\"https:\/\/goscwdom.com\/wp-content\/uploads\/2021\/10\/27540290_1547319895336975_5021259734175605533_n.jpeg\"><img decoding=\"async\" src=\"https:\/\/goscwdom.com\/wp-content\/uploads\/2021\/10\/27540290_1547319895336975_5021259734175605533_n-480x300.jpeg\" alt=\"27540290_1547319895336975_5021259734175605533_n\" \/><\/a><a title=\"62242624_2184406148295010_7772440816210935808_n\" href=\"https:\/\/goscwdom.com\/wp-content\/uploads\/2021\/10\/62242624_2184406148295010_7772440816210935808_n.jpeg\"><img decoding=\"async\" src=\"https:\/\/goscwdom.com\/wp-content\/uploads\/2021\/10\/62242624_2184406148295010_7772440816210935808_n-480x300.jpeg\" alt=\"62242624_2184406148295010_7772440816210935808_n\" \/><\/a><a title=\"239940748_4166796576722614_4978605893911037356_n\" href=\"https:\/\/goscwdom.com\/wp-content\/uploads\/2021\/10\/239940748_4166796576722614_4978605893911037356_n.jpeg\"><img decoding=\"async\" src=\"https:\/\/goscwdom.com\/wp-content\/uploads\/2021\/10\/239940748_4166796576722614_4978605893911037356_n-480x300.jpeg\" alt=\"239940748_4166796576722614_4978605893911037356_n\" \/><\/a><a title=\"241785945_4232569733478631_416382559087135446_n\" href=\"https:\/\/goscwdom.com\/wp-content\/uploads\/2021\/10\/241785945_4232569733478631_416382559087135446_n.jpeg\"><img decoding=\"async\" src=\"https:\/\/goscwdom.com\/wp-content\/uploads\/2021\/10\/241785945_4232569733478631_416382559087135446_n-480x300.jpeg\" alt=\"241785945_4232569733478631_416382559087135446_n\" \/><\/a><a title=\"200499708_4004069562995317_4707311619880212330_n\" href=\"https:\/\/goscwdom.com\/wp-content\/uploads\/2021\/10\/200499708_4004069562995317_4707311619880212330_n.jpeg\"><img decoding=\"async\" src=\"https:\/\/goscwdom.com\/wp-content\/uploads\/2021\/10\/200499708_4004069562995317_4707311619880212330_n-480x300.jpeg\" alt=\"200499708_4004069562995317_4707311619880212330_n\" \/><\/a><a title=\"121569339_3308089245926689_9025847213779919194_n\" href=\"https:\/\/goscwdom.com\/wp-content\/uploads\/2021\/10\/121569339_3308089245926689_9025847213779919194_n.jpeg\"><img decoding=\"async\" src=\"https:\/\/goscwdom.com\/wp-content\/uploads\/2021\/10\/121569339_3308089245926689_9025847213779919194_n-480x300.jpeg\" alt=\"121569339_3308089245926689_9025847213779919194_n\" \/><\/a><a title=\"119836313_3232419643493650_5190021389946766016_n\" href=\"https:\/\/goscwdom.com\/wp-content\/uploads\/2021\/10\/119836313_3232419643493650_5190021389946766016_n.jpeg\"><img decoding=\"async\" src=\"https:\/\/goscwdom.com\/wp-content\/uploads\/2021\/10\/119836313_3232419643493650_5190021389946766016_n-480x300.jpeg\" alt=\"119836313_3232419643493650_5190021389946766016_n\" \/><\/a><a title=\"116562032_3087223834679899_6182458029722075370_n\" href=\"https:\/\/goscwdom.com\/wp-content\/uploads\/2021\/10\/116562032_3087223834679899_6182458029722075370_n.jpeg\"><img decoding=\"async\" src=\"https:\/\/goscwdom.com\/wp-content\/uploads\/2021\/10\/116562032_3087223834679899_6182458029722075370_n-480x300.jpeg\" alt=\"116562032_3087223834679899_6182458029722075370_n\" \/><\/a><\/p>\n<\/section>\n<h2>W pobli\u017cu<\/h2>\n<p><img loading=\"lazy\" decoding=\"async\" src=\"https:\/\/goscwdom.com\/wp-content\/uploads\/2021\/10\/239940748_4166796576722614_4978605893911037356_n.jpeg\" sizes=\"auto, (max-width: 1440px) 100vw, 1440px\" srcset=\"https:\/\/goscwdom.com\/wp-content\/uploads\/2021\/10\/239940748_4166796576722614_4978605893911037356_n.jpeg 1440w, https:\/\/goscwdom.com\/wp-content\/uploads\/2021\/10\/239940748_4166796576722614_4978605893911037356_n-300x300.jpeg 300w, https:\/\/goscwdom.com\/wp-content\/uploads\/2021\/10\/239940748_4166796576722614_4978605893911037356_n-1024x1024.jpeg 1024w, https:\/\/goscwdom.com\/wp-content\/uploads\/2021\/10\/239940748_4166796576722614_4978605893911037356_n-150x150.jpeg 150w, https:\/\/goscwdom.com\/wp-content\/uploads\/2021\/10\/239940748_4166796576722614_4978605893911037356_n-768x767.jpeg 768w\" alt=\"\" width=\"1440\" height=\"1439\" \/><\/p>\n<h3>Miejsce 1<\/h3>\n<p>Lorem ipsum dolor sit amet, consectetur adipiscing elit. Ut elit tellus, luctus nec ullamcorper mattis, pulvinar dapibus leo.Lorem ipsum dolor sit amet, consectetur adipiscing elit. Ut elit tellus, luctus nec ullamcorper mattis, pulvinar dapibus leo.<\/p>\n<p><a role=\"button\" href=\"#\"><br \/>\nZobacz miejsce<br \/>\n<\/a><\/p>\n<h3>Miejsce 2<\/h3>\n<p>Lorem ipsum dolor sit amet, consectetur adipiscing elit. Ut elit tellus, luctus nec ullamcorper mattis, pulvinar dapibus leo.Lorem ipsum dolor sit amet, consectetur adipiscing elit. Ut elit tellus, luctus nec ullamcorper mattis, pulvinar dapibus leo.<\/p>\n<p><a role=\"button\" href=\"#\"><br \/>\nZobacz miejsce<br \/>\n<\/a><br \/>\n<img loading=\"lazy\" decoding=\"async\" src=\"https:\/\/goscwdom.com\/wp-content\/uploads\/2021\/10\/239940748_4166796576722614_4978605893911037356_n-1024x1024.jpeg\" sizes=\"auto, (max-width: 800px) 100vw, 800px\" srcset=\"https:\/\/goscwdom.com\/wp-content\/uploads\/2021\/10\/239940748_4166796576722614_4978605893911037356_n-1024x1024.jpeg 1024w, https:\/\/goscwdom.com\/wp-content\/uploads\/2021\/10\/239940748_4166796576722614_4978605893911037356_n-300x300.jpeg 300w, https:\/\/goscwdom.com\/wp-content\/uploads\/2021\/10\/239940748_4166796576722614_4978605893911037356_n-150x150.jpeg 150w, https:\/\/goscwdom.com\/wp-content\/uploads\/2021\/10\/239940748_4166796576722614_4978605893911037356_n-768x767.jpeg 768w, https:\/\/goscwdom.com\/wp-content\/uploads\/2021\/10\/239940748_4166796576722614_4978605893911037356_n.jpeg 1440w\" alt=\"\" width=\"800\" height=\"800\" \/><br \/>\n<img loading=\"lazy\" decoding=\"async\" src=\"https:\/\/goscwdom.com\/wp-content\/uploads\/2021\/10\/239940748_4166796576722614_4978605893911037356_n-1024x1024.jpeg\" sizes=\"auto, (max-width: 800px) 100vw, 800px\" srcset=\"https:\/\/goscwdom.com\/wp-content\/uploads\/2021\/10\/239940748_4166796576722614_4978605893911037356_n-1024x1024.jpeg 1024w, https:\/\/goscwdom.com\/wp-content\/uploads\/2021\/10\/239940748_4166796576722614_4978605893911037356_n-300x300.jpeg 300w, https:\/\/goscwdom.com\/wp-content\/uploads\/2021\/10\/239940748_4166796576722614_4978605893911037356_n-150x150.jpeg 150w, https:\/\/goscwdom.com\/wp-content\/uploads\/2021\/10\/239940748_4166796576722614_4978605893911037356_n-768x767.jpeg 768w, https:\/\/goscwdom.com\/wp-content\/uploads\/2021\/10\/239940748_4166796576722614_4978605893911037356_n.jpeg 1440w\" alt=\"\" width=\"800\" height=\"800\" \/><\/p>\n<h3>Miejsce 3<\/h3>\n<p>Lorem ipsum dolor sit amet, consectetur adipiscing elit. Ut elit tellus, luctus nec ullamcorper mattis, pulvinar dapibus leo.Lorem ipsum dolor sit amet, consectetur adipiscing elit. Ut elit tellus, luctus nec ullamcorper mattis, pulvinar dapibus leo.Lorem ipsum dolor sit amet, consectetur adipiscing elit. Ut elit tellus, luctus nec ullamcorper mattis, pulvinar dapibus leo.<\/p>\n<p><a role=\"button\" href=\"#\"><br \/>\nZobacz miejsce<br \/>\n<\/a><\/p>\n<h2 style=\"color: white;\">Sprwad\u017a wolnE terminY<\/h2>\n<p>Skontaktuj si\u0119 z naszym kierownikiem sali aby dowiedzie\u0107 si\u0119 o wolnych terminach oraz otrzyma\u0107 oferte dostosowan\u0105 do Twoich potrzeb!<\/p>\n<p><a role=\"button\" href=\"https:\/\/goscwdom.com\/index.php\/kontakt\/\"><br \/>\nZapytaj o wolny termin<br \/>\n<\/a><\/p>\n\n\n<p><\/p>\n\n\n\n<p><\/p>\n\n\n\n<p><\/p>\n\n\n\n<p><\/p>\n\n\n\n<p class=\"has-text-align-center\">\n  <strong>\n    <mark style=\"background-color:rgba(0, 0, 0, 0); color:#777777; font-size:15px;\" class=\"has-inline-color\">\n      Przedsi\u0119wzi\u0119cie M\u015aP wsp\u00f3\u0142finansowane przez Uni\u0119 Europejsk\u0105 ze \u015brodk\u00f3w Krajowego Planu Odbudowy i Zwi\u0119kszania Odporno\u015bci\n    <\/mark>\n  <\/strong>\n<\/p>\n\n\n<div class=\"wp-block-image\">\n<figure class=\"aligncenter size-full is-resized\"><img loading=\"lazy\" decoding=\"async\" width=\"967\" height=\"60\" src=\"https:\/\/goscwdom.com\/wp-content\/uploads\/2025\/03\/image004.png\" alt=\"\" class=\"wp-image-1947\" style=\"width:793px;height:auto\" srcset=\"https:\/\/goscwdom.com\/wp-content\/uploads\/2025\/03\/image004.png 967w, https:\/\/goscwdom.com\/wp-content\/uploads\/2025\/03\/image004-300x19.png 300w, https:\/\/goscwdom.com\/wp-content\/uploads\/2025\/03\/image004-768x48.png 768w\" sizes=\"auto, (max-width: 967px) 100vw, 967px\" \/><\/figure><\/div>\n\n\n<p><\/p>\n","protected":false},"excerpt":{"rendered":"<p>Restauracja Go\u015b\u0107 w Dom prowadzi us\u0142ugi gastronomiczne i hotelowe od roku 2011. Opieraj\u0105 si\u0119 g\u0142\u00f3wnie na przygotowaniu imprez: wesela, komunie, przyj\u0119cia okoliczno\u015bciowe i firmowe. Oferujemy\u00a0 naszym go\u015bciom wyj\u0105tkowe potrawy przygotowane &#8230;<\/p>\n","protected":false},"author":1,"featured_media":1441,"parent":0,"menu_order":0,"comment_status":"closed","ping_status":"closed","template":"","meta":{"footnotes":""},"class_list":["post-1553","page","type-page","status-publish","has-post-thumbnail","hentry"],"_links":{"self":[{"href":"https:\/\/goscwdom.com\/index.php\/wp-json\/wp\/v2\/pages\/1553","targetHints":{"allow":["GET"]}}],"collection":[{"href":"https:\/\/goscwdom.com\/index.php\/wp-json\/wp\/v2\/pages"}],"about":[{"href":"https:\/\/goscwdom.com\/index.php\/wp-json\/wp\/v2\/types\/page"}],"author":[{"embeddable":true,"href":"https:\/\/goscwdom.com\/index.php\/wp-json\/wp\/v2\/users\/1"}],"replies":[{"embeddable":true,"href":"https:\/\/goscwdom.com\/index.php\/wp-json\/wp\/v2\/comments?post=1553"}],"version-history":[{"count":52,"href":"https:\/\/goscwdom.com\/index.php\/wp-json\/wp\/v2\/pages\/1553\/revisions"}],"predecessor-version":[{"id":1973,"href":"https:\/\/goscwdom.com\/index.php\/wp-json\/wp\/v2\/pages\/1553\/revisions\/1973"}],"wp:featuredmedia":[{"embeddable":true,"href":"https:\/\/goscwdom.com\/index.php\/wp-json\/wp\/v2\/media\/1441"}],"wp:attachment":[{"href":"https:\/\/goscwdom.com\/index.php\/wp-json\/wp\/v2\/media?parent=1553"}],"curies":[{"name":"wp","href":"https:\/\/api.w.org\/{rel}","templated":true}]}}