{"id":1586,"date":"2021-11-24T17:52:59","date_gmt":"2021-11-24T17:52:59","guid":{"rendered":"https:\/\/goscwdom.com\/?page_id=1586"},"modified":"2025-03-23T20:47:23","modified_gmt":"2025-03-23T20:47:23","slug":"galeria","status":"publish","type":"page","link":"https:\/\/goscwdom.com\/index.php\/galeria\/","title":{"rendered":"Galeria"},"content":{"rendered":"\n<section id=\"galeria\" class=\"section-gallery section-padding onepage-section\">\n        \n    <div class=\"g-layout-full-width container\">\n                    <div class=\"section-title-area\">\n                                <h2 class=\"section-title\">Galeria<\/h2>                            <\/div>\n                <div class=\"gallery-content\">\n            <div class=\"gallery-grid g-zoom-in  enable-lightbox  g-col-4\"><a href=\"https:\/\/goscwdom.com\/wp-content\/uploads\/2021\/10\/16112816_1179515238784111_9216531891685683263_o-1.jpeg\" class=\"g-item\" title=\"16112816_1179515238784111_9216531891685683263_o\"><span class=\"inner\"><span class=\"inner-content\"><img decoding=\"async\" src=\"https:\/\/goscwdom.com\/wp-content\/uploads\/2021\/10\/16112816_1179515238784111_9216531891685683263_o-1-480x300.jpeg\" alt=\"16112816_1179515238784111_9216531891685683263_o\"><\/span><\/span><\/a><a href=\"https:\/\/goscwdom.com\/wp-content\/uploads\/2021\/10\/35238009_1673553602713603_4450004165002788864_n-1.jpeg\" class=\"g-item\" title=\"35238009_1673553602713603_4450004165002788864_n\"><span class=\"inner\"><span class=\"inner-content\"><img decoding=\"async\" src=\"https:\/\/goscwdom.com\/wp-content\/uploads\/2021\/10\/35238009_1673553602713603_4450004165002788864_n-1-480x300.jpeg\" alt=\"35238009_1673553602713603_4450004165002788864_n\"><\/span><\/span><\/a><a href=\"https:\/\/goscwdom.com\/wp-content\/uploads\/2021\/10\/25398931_1496853420383623_1337322396436263343_n.jpeg\" class=\"g-item\" title=\"25398931_1496853420383623_1337322396436263343_n\"><span class=\"inner\"><span class=\"inner-content\"><img decoding=\"async\" src=\"https:\/\/goscwdom.com\/wp-content\/uploads\/2021\/10\/25398931_1496853420383623_1337322396436263343_n-480x300.jpeg\" alt=\"25398931_1496853420383623_1337322396436263343_n\"><\/span><\/span><\/a><a href=\"https:\/\/goscwdom.com\/wp-content\/uploads\/2021\/10\/27067550_1535486653186966_7186206321727231191_n.jpeg\" class=\"g-item\" title=\"27067550_1535486653186966_7186206321727231191_n\"><span class=\"inner\"><span class=\"inner-content\"><img decoding=\"async\" src=\"https:\/\/goscwdom.com\/wp-content\/uploads\/2021\/10\/27067550_1535486653186966_7186206321727231191_n-480x300.jpeg\" alt=\"27067550_1535486653186966_7186206321727231191_n\"><\/span><\/span><\/a><a href=\"https:\/\/goscwdom.com\/wp-content\/uploads\/2021\/10\/27540290_1547319895336975_5021259734175605533_n.jpeg\" class=\"g-item\" title=\"27540290_1547319895336975_5021259734175605533_n\"><span class=\"inner\"><span class=\"inner-content\"><img decoding=\"async\" src=\"https:\/\/goscwdom.com\/wp-content\/uploads\/2021\/10\/27540290_1547319895336975_5021259734175605533_n-480x300.jpeg\" alt=\"27540290_1547319895336975_5021259734175605533_n\"><\/span><\/span><\/a><a href=\"https:\/\/goscwdom.com\/wp-content\/uploads\/2021\/10\/62242624_2184406148295010_7772440816210935808_n.jpeg\" class=\"g-item\" title=\"62242624_2184406148295010_7772440816210935808_n\"><span class=\"inner\"><span class=\"inner-content\"><img decoding=\"async\" src=\"https:\/\/goscwdom.com\/wp-content\/uploads\/2021\/10\/62242624_2184406148295010_7772440816210935808_n-480x300.jpeg\" alt=\"62242624_2184406148295010_7772440816210935808_n\"><\/span><\/span><\/a><a href=\"https:\/\/goscwdom.com\/wp-content\/uploads\/2021\/10\/239940748_4166796576722614_4978605893911037356_n.jpeg\" class=\"g-item\" title=\"239940748_4166796576722614_4978605893911037356_n\"><span class=\"inner\"><span class=\"inner-content\"><img decoding=\"async\" src=\"https:\/\/goscwdom.com\/wp-content\/uploads\/2021\/10\/239940748_4166796576722614_4978605893911037356_n-480x300.jpeg\" alt=\"239940748_4166796576722614_4978605893911037356_n\"><\/span><\/span><\/a><a href=\"https:\/\/goscwdom.com\/wp-content\/uploads\/2021\/10\/241785945_4232569733478631_416382559087135446_n.jpeg\" class=\"g-item\" title=\"241785945_4232569733478631_416382559087135446_n\"><span class=\"inner\"><span class=\"inner-content\"><img decoding=\"async\" src=\"https:\/\/goscwdom.com\/wp-content\/uploads\/2021\/10\/241785945_4232569733478631_416382559087135446_n-480x300.jpeg\" alt=\"241785945_4232569733478631_416382559087135446_n\"><\/span><\/span><\/a><a href=\"https:\/\/goscwdom.com\/wp-content\/uploads\/2021\/10\/200499708_4004069562995317_4707311619880212330_n.jpeg\" class=\"g-item\" title=\"200499708_4004069562995317_4707311619880212330_n\"><span class=\"inner\"><span class=\"inner-content\"><img decoding=\"async\" src=\"https:\/\/goscwdom.com\/wp-content\/uploads\/2021\/10\/200499708_4004069562995317_4707311619880212330_n-480x300.jpeg\" alt=\"200499708_4004069562995317_4707311619880212330_n\"><\/span><\/span><\/a><a href=\"https:\/\/goscwdom.com\/wp-content\/uploads\/2021\/10\/121569339_3308089245926689_9025847213779919194_n.jpeg\" class=\"g-item\" title=\"121569339_3308089245926689_9025847213779919194_n\"><span class=\"inner\"><span class=\"inner-content\"><img decoding=\"async\" src=\"https:\/\/goscwdom.com\/wp-content\/uploads\/2021\/10\/121569339_3308089245926689_9025847213779919194_n-480x300.jpeg\" alt=\"121569339_3308089245926689_9025847213779919194_n\"><\/span><\/span><\/a><a href=\"https:\/\/goscwdom.com\/wp-content\/uploads\/2021\/10\/119836313_3232419643493650_5190021389946766016_n.jpeg\" class=\"g-item\" title=\"119836313_3232419643493650_5190021389946766016_n\"><span class=\"inner\"><span class=\"inner-content\"><img decoding=\"async\" src=\"https:\/\/goscwdom.com\/wp-content\/uploads\/2021\/10\/119836313_3232419643493650_5190021389946766016_n-480x300.jpeg\" alt=\"119836313_3232419643493650_5190021389946766016_n\"><\/span><\/span><\/a><a href=\"https:\/\/goscwdom.com\/wp-content\/uploads\/2021\/10\/116562032_3087223834679899_6182458029722075370_n.jpeg\" class=\"g-item\" title=\"116562032_3087223834679899_6182458029722075370_n\"><span class=\"inner\"><span class=\"inner-content\"><img decoding=\"async\" src=\"https:\/\/goscwdom.com\/wp-content\/uploads\/2021\/10\/116562032_3087223834679899_6182458029722075370_n-480x300.jpeg\" alt=\"116562032_3087223834679899_6182458029722075370_n\"><\/span><\/span><\/a><\/div>        <\/div>\n        \n    <\/div>\n                <\/section>\n\n\n\n<p class=\"has-text-align-center\">\n  <strong>\n    <mark style=\"background-color:rgba(0, 0, 0, 0); color:#777777; font-size:15px;\" class=\"has-inline-color\">\n      Przedsi\u0119wzi\u0119cie M\u015aP wsp\u00f3\u0142finansowane przez Uni\u0119 Europejsk\u0105 ze \u015brodk\u00f3w Krajowego Planu Odbudowy i Zwi\u0119kszania Odporno\u015bci\n    <\/mark>\n  <\/strong>\n<\/p>\n\n\n<div class=\"wp-block-image\">\n<figure class=\"aligncenter size-full\"><img loading=\"lazy\" decoding=\"async\" width=\"967\" height=\"60\" src=\"https:\/\/goscwdom.com\/wp-content\/uploads\/2025\/03\/image004.png\" alt=\"\" class=\"wp-image-1947\" srcset=\"https:\/\/goscwdom.com\/wp-content\/uploads\/2025\/03\/image004.png 967w, https:\/\/goscwdom.com\/wp-content\/uploads\/2025\/03\/image004-300x19.png 300w, https:\/\/goscwdom.com\/wp-content\/uploads\/2025\/03\/image004-768x48.png 768w\" sizes=\"auto, (max-width: 967px) 100vw, 967px\" \/><\/figure><\/div>","protected":false},"excerpt":{"rendered":"<p>Galeria Przedsi\u0119wzi\u0119cie M\u015aP wsp\u00f3\u0142finansowane przez Uni\u0119 Europejsk\u0105 ze \u015brodk\u00f3w Krajowego Planu Odbudowy i Zwi\u0119kszania Odporno\u015bci<\/p>\n","protected":false},"author":1,"featured_media":0,"parent":0,"menu_order":0,"comment_status":"closed","ping_status":"closed","template":"template-fullwidth.php","meta":{"footnotes":""},"class_list":["post-1586","page","type-page","status-publish","hentry"],"_links":{"self":[{"href":"https:\/\/goscwdom.com\/index.php\/wp-json\/wp\/v2\/pages\/1586","targetHints":{"allow":["GET"]}}],"collection":[{"href":"https:\/\/goscwdom.com\/index.php\/wp-json\/wp\/v2\/pages"}],"about":[{"href":"https:\/\/goscwdom.com\/index.php\/wp-json\/wp\/v2\/types\/page"}],"author":[{"embeddable":true,"href":"https:\/\/goscwdom.com\/index.php\/wp-json\/wp\/v2\/users\/1"}],"replies":[{"embeddable":true,"href":"https:\/\/goscwdom.com\/index.php\/wp-json\/wp\/v2\/comments?post=1586"}],"version-history":[{"count":3,"href":"https:\/\/goscwdom.com\/index.php\/wp-json\/wp\/v2\/pages\/1586\/revisions"}],"predecessor-version":[{"id":1982,"href":"https:\/\/goscwdom.com\/index.php\/wp-json\/wp\/v2\/pages\/1586\/revisions\/1982"}],"wp:attachment":[{"href":"https:\/\/goscwdom.com\/index.php\/wp-json\/wp\/v2\/media?parent=1586"}],"curies":[{"name":"wp","href":"https:\/\/api.w.org\/{rel}","templated":true}]}}