{"id":1591,"date":"2021-11-24T17:54:24","date_gmt":"2021-11-24T17:54:24","guid":{"rendered":"https:\/\/goscwdom.com\/?page_id=1591"},"modified":"2025-03-23T20:43:14","modified_gmt":"2025-03-23T20:43:14","slug":"oferta-weselna","status":"publish","type":"page","link":"https:\/\/goscwdom.com\/index.php\/oferta-weselna\/","title":{"rendered":"Wesela"},"content":{"rendered":"<p>W naszej ofercie weselnej staramy si\u0119 spe\u0142ni\u0107 wszystkie marzenia Pary M\u0142odej. Du\u017ca klimatyzowana cudowna sala weselna, przepyszna kuchnia i cudowna okolica to tylko jedne z wielu naszych atut\u00f3w. Zapewniamy pe\u0142ne wsparcie ze strony naszych pracownik\u00f3w od pierwszego kontaktu. <\/p>\n<h2 style=\"color: white;\">Sprawd\u017a wolnE terminY<\/h2>\n<p>Skontaktuj si\u0119 z naszym kierownikiem sali aby dowiedzie\u0107 si\u0119 o wolnych terminach oraz otrzyma\u0107 oferte dostosowan\u0105 do Twoich potrzeb!<\/p>\n<p>\t\t\t<a href=\"https:\/\/goscwdom.com\/index.php\/kontakt\/\" role=\"button\"><br \/>\n\t\t\t\t\t\tZapytaj o wolny termin<br \/>\n\t\t\t\t\t<\/a><\/p>\n<h2>Nasza sala<\/h2>\n<section id=\"galeria\">\n            <a href=\"https:\/\/goscwdom.com\/wp-content\/uploads\/2021\/10\/16112816_1179515238784111_9216531891685683263_o-1.jpeg\" title=\"16112816_1179515238784111_9216531891685683263_o\"><img decoding=\"async\" src=\"https:\/\/goscwdom.com\/wp-content\/uploads\/2021\/10\/16112816_1179515238784111_9216531891685683263_o-1-480x300.jpeg\" alt=\"16112816_1179515238784111_9216531891685683263_o\"><\/a><a href=\"https:\/\/goscwdom.com\/wp-content\/uploads\/2021\/10\/35238009_1673553602713603_4450004165002788864_n-1.jpeg\" title=\"35238009_1673553602713603_4450004165002788864_n\"><img decoding=\"async\" src=\"https:\/\/goscwdom.com\/wp-content\/uploads\/2021\/10\/35238009_1673553602713603_4450004165002788864_n-1-480x300.jpeg\" alt=\"35238009_1673553602713603_4450004165002788864_n\"><\/a><a href=\"https:\/\/goscwdom.com\/wp-content\/uploads\/2021\/10\/25398931_1496853420383623_1337322396436263343_n.jpeg\" title=\"25398931_1496853420383623_1337322396436263343_n\"><img decoding=\"async\" src=\"https:\/\/goscwdom.com\/wp-content\/uploads\/2021\/10\/25398931_1496853420383623_1337322396436263343_n-480x300.jpeg\" alt=\"25398931_1496853420383623_1337322396436263343_n\"><\/a><a href=\"https:\/\/goscwdom.com\/wp-content\/uploads\/2021\/10\/27067550_1535486653186966_7186206321727231191_n.jpeg\" title=\"27067550_1535486653186966_7186206321727231191_n\"><img decoding=\"async\" src=\"https:\/\/goscwdom.com\/wp-content\/uploads\/2021\/10\/27067550_1535486653186966_7186206321727231191_n-480x300.jpeg\" alt=\"27067550_1535486653186966_7186206321727231191_n\"><\/a><a href=\"https:\/\/goscwdom.com\/wp-content\/uploads\/2021\/10\/27540290_1547319895336975_5021259734175605533_n.jpeg\" title=\"27540290_1547319895336975_5021259734175605533_n\"><img decoding=\"async\" src=\"https:\/\/goscwdom.com\/wp-content\/uploads\/2021\/10\/27540290_1547319895336975_5021259734175605533_n-480x300.jpeg\" alt=\"27540290_1547319895336975_5021259734175605533_n\"><\/a><a href=\"https:\/\/goscwdom.com\/wp-content\/uploads\/2021\/10\/62242624_2184406148295010_7772440816210935808_n.jpeg\" title=\"62242624_2184406148295010_7772440816210935808_n\"><img decoding=\"async\" src=\"https:\/\/goscwdom.com\/wp-content\/uploads\/2021\/10\/62242624_2184406148295010_7772440816210935808_n-480x300.jpeg\" alt=\"62242624_2184406148295010_7772440816210935808_n\"><\/a><a href=\"https:\/\/goscwdom.com\/wp-content\/uploads\/2021\/10\/239940748_4166796576722614_4978605893911037356_n.jpeg\" title=\"239940748_4166796576722614_4978605893911037356_n\"><img decoding=\"async\" src=\"https:\/\/goscwdom.com\/wp-content\/uploads\/2021\/10\/239940748_4166796576722614_4978605893911037356_n-480x300.jpeg\" alt=\"239940748_4166796576722614_4978605893911037356_n\"><\/a><a href=\"https:\/\/goscwdom.com\/wp-content\/uploads\/2021\/10\/241785945_4232569733478631_416382559087135446_n.jpeg\" title=\"241785945_4232569733478631_416382559087135446_n\"><img decoding=\"async\" src=\"https:\/\/goscwdom.com\/wp-content\/uploads\/2021\/10\/241785945_4232569733478631_416382559087135446_n-480x300.jpeg\" alt=\"241785945_4232569733478631_416382559087135446_n\"><\/a><a href=\"https:\/\/goscwdom.com\/wp-content\/uploads\/2021\/10\/200499708_4004069562995317_4707311619880212330_n.jpeg\" title=\"200499708_4004069562995317_4707311619880212330_n\"><img decoding=\"async\" src=\"https:\/\/goscwdom.com\/wp-content\/uploads\/2021\/10\/200499708_4004069562995317_4707311619880212330_n-480x300.jpeg\" alt=\"200499708_4004069562995317_4707311619880212330_n\"><\/a><a href=\"https:\/\/goscwdom.com\/wp-content\/uploads\/2021\/10\/121569339_3308089245926689_9025847213779919194_n.jpeg\" title=\"121569339_3308089245926689_9025847213779919194_n\"><img decoding=\"async\" src=\"https:\/\/goscwdom.com\/wp-content\/uploads\/2021\/10\/121569339_3308089245926689_9025847213779919194_n-480x300.jpeg\" alt=\"121569339_3308089245926689_9025847213779919194_n\"><\/a><a href=\"https:\/\/goscwdom.com\/wp-content\/uploads\/2021\/10\/119836313_3232419643493650_5190021389946766016_n.jpeg\" title=\"119836313_3232419643493650_5190021389946766016_n\"><img decoding=\"async\" src=\"https:\/\/goscwdom.com\/wp-content\/uploads\/2021\/10\/119836313_3232419643493650_5190021389946766016_n-480x300.jpeg\" alt=\"119836313_3232419643493650_5190021389946766016_n\"><\/a><a href=\"https:\/\/goscwdom.com\/wp-content\/uploads\/2021\/10\/116562032_3087223834679899_6182458029722075370_n.jpeg\" title=\"116562032_3087223834679899_6182458029722075370_n\"><img decoding=\"async\" src=\"https:\/\/goscwdom.com\/wp-content\/uploads\/2021\/10\/116562032_3087223834679899_6182458029722075370_n-480x300.jpeg\" alt=\"116562032_3087223834679899_6182458029722075370_n\"><\/a><br \/>\n                <\/section>\n<h2>Mo\u017cliwe Uk\u0142ady Sali<\/h2>\n<ul>\n<li>\n\t\t\t\t\t\t\t\t\t\tW kszta\u0142cie litery U &#8211; do 250 os\u00f3b\n\t\t\t\t\t\t\t\t\t<\/li>\n<li>\n\t\t\t\t\t\t\t\t\t\tW kszta\u0142cie litery T &#8211; do 100 os\u00f3b\n\t\t\t\t\t\t\t\t\t<\/li>\n<li>\n\t\t\t\t\t\t\t\t\t\tW kszta\u0142cie litery T &#8211; do 100 os\u00f3b\n\t\t\t\t\t\t\t\t\t<\/li>\n<li>\n\t\t\t\t\t\t\t\t\t\tW kszta\u0142cie litery T &#8211; do 100 os\u00f3b\n\t\t\t\t\t\t\t\t\t<\/li>\n<\/ul>\n<h2>Zapoznaj si\u0119 z przyk\u0142adowym menu<\/h2>\n<p>\t\t\t<a href=\"https:\/\/goscwdom.com\/wp-content\/uploads\/2025\/02\/Gosc_w_dom_Oferta_Weselna_2025.pdf\" role=\"button\"><br \/>\n\t\t\t\t\t\tPobierz przyk\u0142adowe menu<br \/>\n\t\t\t\t\t<\/a><\/p>\n<h2>W ofercie zawiera si\u0119<\/h2>\n<ul>\n<li>\n\t\t\t\t\t\t\t\t\t\tWynajem klimatyzowanej Sali Weselnej na wy\u0142\u0105czno\u015b\u0107\n\t\t\t\t\t\t\t\t\t<\/li>\n<li>\n\t\t\t\t\t\t\t\t\t\tKieliszki &#8211; dwa do st\u0142uczenia na szcz\u0119\u015bcie\n\t\t\t\t\t\t\t\t\t<\/li>\n<li>\n\t\t\t\t\t\t\t\t\t\tProfesjonaln\u0105 obs\u0142ug\u0119 kelnersk\u0105\n\t\t\t\t\t\t\t\t\t<\/li>\n<li>\n\t\t\t\t\t\t\t\t\t\tApartament dla M\u0142odej Pary\n\t\t\t\t\t\t\t\t\t<\/li>\n<li>\n\t\t\t\t\t\t\t\t\t\tLampk\u0119 wina musuj\u0105cego dla go\u015bci\n\t\t\t\t\t\t\t\t\t<\/li>\n<li>\n\t\t\t\t\t\t\t\t\t\tPowitanie staropolskim zwyczajem  M\u0142odej Pary chlebem weselnym\n\t\t\t\t\t\t\t\t\t<\/li>\n<li>\n\t\t\t\t\t\t\t\t\t\tPodstawow\u0105 dekoracj\u0119, obrusy, serwety, zastaw\u0119 sto\u0142ow\u0105\n\t\t\t\t\t\t\t\t\t<\/li>\n<li>\n\t\t\t\t\t\t\t\t\t\tWod\u0119 z cytryn\u0105 i mi\u0119ta, kaw\u0119 z expresu i herbat\u0119 bez limitu\n\t\t\t\t\t\t\t\t\t<\/li>\n<li>\n\t\t\t\t\t\t\t\t\t\tProfesjonaln\u0105 obs\u0142ug\u0119 kelnersk\u0105\n\t\t\t\t\t\t\t\t\t<\/li>\n<li>\n\t\t\t\t\t\t\t\t\t\tNiezapomniane chwile \ud83d\ude09\n\t\t\t\t\t\t\t\t\t<\/li>\n<\/ul>\n<h2 style=\"color: white;\">Masz wi\u0119cej Pyta\u0144?<\/h2>\n<p>\t\t\t<a href=\"https:\/\/goscwdom.com\/index.php\/kontakt\/\" role=\"button\"><br \/>\n\t\t\t\t\t\tZapraszamy do kontaktu<br \/>\n\t\t\t\t\t<\/a><\/p>\n\n\n<p class=\"has-text-align-center\">\n  <strong>\n    <mark style=\"background-color:rgba(0, 0, 0, 0); color:#777777; font-size:15px;\" class=\"has-inline-color\">\n      Przedsi\u0119wzi\u0119cie M\u015aP wsp\u00f3\u0142finansowane przez Uni\u0119 Europejsk\u0105 ze \u015brodk\u00f3w Krajowego Planu Odbudowy i Zwi\u0119kszania Odporno\u015bci\n    <\/mark>\n  <\/strong>\n<\/p>\n\n\n<div class=\"wp-block-image\">\n<figure class=\"aligncenter size-full\"><img loading=\"lazy\" decoding=\"async\" width=\"967\" height=\"60\" src=\"https:\/\/goscwdom.com\/wp-content\/uploads\/2025\/03\/image004.png\" alt=\"\" class=\"wp-image-1947\" srcset=\"https:\/\/goscwdom.com\/wp-content\/uploads\/2025\/03\/image004.png 967w, https:\/\/goscwdom.com\/wp-content\/uploads\/2025\/03\/image004-300x19.png 300w, https:\/\/goscwdom.com\/wp-content\/uploads\/2025\/03\/image004-768x48.png 768w\" sizes=\"auto, (max-width: 967px) 100vw, 967px\" \/><\/figure><\/div>\n\n\n<p><\/p>\n","protected":false},"excerpt":{"rendered":"<p>W naszej ofercie weselnej staramy si\u0119 spelni\u0107 wszystkie marzenia Pary M\u0142odej. Du\u017ca klimatyzowana cudowna sala weselna, przepyszna kuchnia i cudowna okolica to tylko jedne z naszych atut\u00f3w. <\/p>\n","protected":false},"author":1,"featured_media":1441,"parent":0,"menu_order":0,"comment_status":"closed","ping_status":"closed","template":"template-fullwidth.php","meta":{"footnotes":""},"class_list":["post-1591","page","type-page","status-publish","has-post-thumbnail","hentry"],"_links":{"self":[{"href":"https:\/\/goscwdom.com\/index.php\/wp-json\/wp\/v2\/pages\/1591","targetHints":{"allow":["GET"]}}],"collection":[{"href":"https:\/\/goscwdom.com\/index.php\/wp-json\/wp\/v2\/pages"}],"about":[{"href":"https:\/\/goscwdom.com\/index.php\/wp-json\/wp\/v2\/types\/page"}],"author":[{"embeddable":true,"href":"https:\/\/goscwdom.com\/index.php\/wp-json\/wp\/v2\/users\/1"}],"replies":[{"embeddable":true,"href":"https:\/\/goscwdom.com\/index.php\/wp-json\/wp\/v2\/comments?post=1591"}],"version-history":[{"count":75,"href":"https:\/\/goscwdom.com\/index.php\/wp-json\/wp\/v2\/pages\/1591\/revisions"}],"predecessor-version":[{"id":1976,"href":"https:\/\/goscwdom.com\/index.php\/wp-json\/wp\/v2\/pages\/1591\/revisions\/1976"}],"wp:featuredmedia":[{"embeddable":true,"href":"https:\/\/goscwdom.com\/index.php\/wp-json\/wp\/v2\/media\/1441"}],"wp:attachment":[{"href":"https:\/\/goscwdom.com\/index.php\/wp-json\/wp\/v2\/media?parent=1591"}],"curies":[{"name":"wp","href":"https:\/\/api.w.org\/{rel}","templated":true}]}}