{"id":1593,"date":"2021-11-24T17:54:46","date_gmt":"2021-11-24T17:54:46","guid":{"rendered":"https:\/\/goscwdom.com\/?page_id=1593"},"modified":"2025-03-23T20:44:50","modified_gmt":"2025-03-23T20:44:50","slug":"imprezy-okolicznosciowe","status":"publish","type":"page","link":"https:\/\/goscwdom.com\/index.php\/imprezy-okolicznosciowe\/","title":{"rendered":"Imprezy okoliczno\u015bciowe"},"content":{"rendered":"<p>Nasza pi\u0119kn\u0105 sale mo\u017cna r\u00f3wnie\u017c wykorzysta\u0107\u00a0 do innego typu imprez okoliczno\u015bciowych ni\u017c wesela. Wielokrotnie organizowali\u015bmy imprezy takie jak chrzciny, urodziny czy osiemnastki. Zaplecze techniczne pozwala zorganizowa\u0107 huczn\u0105 imprez\u0119 jak i spokojne rodzinne spotkanie. Wszystko zale\u017cy tylko i wy\u0142\u0105cznie od Pa\u0144stwa \u017cyczenia.<\/p>\n<h2 style=\"color: white;\">SPRAWD\u0179&nbsp;wolnE terminY<\/h2>\n<p>Skontaktuj si\u0119 z naszym kierownikiem sali aby dowiedzie\u0107 si\u0119 o wolnych terminach oraz otrzyma\u0107 oferte dostosowan\u0105 do Twoich potrzeb!<\/p>\n<p>\t\t\t<a href=\"https:\/\/goscwdom.com\/index.php\/kontakt\/\" role=\"button\"><br \/>\n\t\t\t\t\t\tZapytaj o wolny termin<br \/>\n\t\t\t\t\t<\/a><\/p>\n<h2>Urodziny<\/h2>\n<p>Drugi, trzecie? Osiemnastka? a mo\u017ce czterdzieskaste? Ka\u017cde urodziny warte s\u0105 \u015bwi\u0119towania. W naszej sali ju\u017c nie jeden raz go\u015bcili\u015bmy tego typu imprezy. I zawsze wychodzi\u0142y wy\u015bmienicie.<\/p>\n<p>\t\t\t\t\t\t\t\t\t\t\t\t\t\t\t<img decoding=\"async\" width=\"800\" height=\"532\" src=\"https:\/\/goscwdom.com\/wp-content\/uploads\/2021\/11\/cupcakes-gb535b53f3_1920-1024x681.jpg\" alt=\"\" loading=\"lazy\" srcset=\"https:\/\/goscwdom.com\/wp-content\/uploads\/2021\/11\/cupcakes-gb535b53f3_1920-1024x681.jpg 1024w, https:\/\/goscwdom.com\/wp-content\/uploads\/2021\/11\/cupcakes-gb535b53f3_1920-300x199.jpg 300w, https:\/\/goscwdom.com\/wp-content\/uploads\/2021\/11\/cupcakes-gb535b53f3_1920-768x510.jpg 768w, https:\/\/goscwdom.com\/wp-content\/uploads\/2021\/11\/cupcakes-gb535b53f3_1920-1536x1021.jpg 1536w, https:\/\/goscwdom.com\/wp-content\/uploads\/2021\/11\/cupcakes-gb535b53f3_1920.jpg 1920w\" sizes=\"auto, (max-width: 800px) 100vw, 800px\" \/><br \/>\n\t\t\t\t\t\t\t\t\t\t\t\t\t\t\t<img decoding=\"async\" width=\"800\" height=\"534\" src=\"https:\/\/goscwdom.com\/wp-content\/uploads\/2021\/11\/geboorteaankondiging-g06c0b66d8_1920-1024x683.jpg\" alt=\"\" loading=\"lazy\" srcset=\"https:\/\/goscwdom.com\/wp-content\/uploads\/2021\/11\/geboorteaankondiging-g06c0b66d8_1920-1024x683.jpg 1024w, https:\/\/goscwdom.com\/wp-content\/uploads\/2021\/11\/geboorteaankondiging-g06c0b66d8_1920-300x200.jpg 300w, https:\/\/goscwdom.com\/wp-content\/uploads\/2021\/11\/geboorteaankondiging-g06c0b66d8_1920-768x512.jpg 768w, https:\/\/goscwdom.com\/wp-content\/uploads\/2021\/11\/geboorteaankondiging-g06c0b66d8_1920-1536x1024.jpg 1536w, https:\/\/goscwdom.com\/wp-content\/uploads\/2021\/11\/geboorteaankondiging-g06c0b66d8_1920.jpg 1920w\" sizes=\"auto, (max-width: 800px) 100vw, 800px\" \/>\t\t\t\t\t\t\t\t\t\t\t\t\t\t\t<\/p>\n<h2>Chrzciny<\/h2>\n<p>Chrzest to jedna z najwa\u017cniejszych uroczysto\u015bci rodzinnych. Samo opieka nad dzieckiem jak i przygotowanie do chrzcin ju\u017c jest bardzo czasoch\u0142onne, a tu jeszcze trzeba przygotowa\u0107 uroczysty obiad dla najbli\u017cszej rodziny. Mo\u017ce chocia\u017c tak\u0105 drobn\u0105 rzecz warto \u015bci\u0105gn\u0105\u0107 sobie z g\u0142owy i wykorzysta\u0107 do tego Nasz\u0105 resturacje. Go\u015bcili\u015bmy dziesi\u0105tki tego typu imprez w naszej resturacji.<\/p>\n<h2>Inne imprezy<\/h2>\n<p>Wystr\u00f3j naszej sali jest uniwersalny. I \u0142atwo mo\u017cemy go dostosowa\u0107 r\u00f3wnie\u017c do ka\u017cdego innego typu imprezy. Potrzebuj\u0105 Pa\u0144stwo sali, z wy\u015bmienit\u0105 kuchni\u0105? A mo\u017ce chc\u0105 Pa\u0144stwo r\u00f3wnie\u017c pota\u0144czy\u0107? Je\u017celi tak to zapraszamy do kontaktu.\u00a0<\/p>\n<p>\t\t\t\t\t\t\t\t\t\t\t\t\t\t\t<img decoding=\"async\" width=\"800\" height=\"534\" src=\"https:\/\/goscwdom.com\/wp-content\/uploads\/2021\/11\/the-ceremony-g8b287ca8b_1920-1024x683.jpg\" alt=\"\" loading=\"lazy\" srcset=\"https:\/\/goscwdom.com\/wp-content\/uploads\/2021\/11\/the-ceremony-g8b287ca8b_1920-1024x683.jpg 1024w, https:\/\/goscwdom.com\/wp-content\/uploads\/2021\/11\/the-ceremony-g8b287ca8b_1920-300x200.jpg 300w, https:\/\/goscwdom.com\/wp-content\/uploads\/2021\/11\/the-ceremony-g8b287ca8b_1920-768x512.jpg 768w, https:\/\/goscwdom.com\/wp-content\/uploads\/2021\/11\/the-ceremony-g8b287ca8b_1920-1536x1024.jpg 1536w, https:\/\/goscwdom.com\/wp-content\/uploads\/2021\/11\/the-ceremony-g8b287ca8b_1920.jpg 1920w\" sizes=\"auto, (max-width: 800px) 100vw, 800px\" \/>\t\t\t\t\t\t\t\t\t\t\t\t\t\t\t<\/p>\n<h2>Nasza sala<\/h2>\n<section id=\"galeria\">\n            <a href=\"https:\/\/goscwdom.com\/wp-content\/uploads\/2021\/10\/16112816_1179515238784111_9216531891685683263_o-1.jpeg\" title=\"16112816_1179515238784111_9216531891685683263_o\"><img decoding=\"async\" src=\"https:\/\/goscwdom.com\/wp-content\/uploads\/2021\/10\/16112816_1179515238784111_9216531891685683263_o-1-480x300.jpeg\" alt=\"16112816_1179515238784111_9216531891685683263_o\"><\/a><a href=\"https:\/\/goscwdom.com\/wp-content\/uploads\/2021\/10\/35238009_1673553602713603_4450004165002788864_n-1.jpeg\" title=\"35238009_1673553602713603_4450004165002788864_n\"><img decoding=\"async\" src=\"https:\/\/goscwdom.com\/wp-content\/uploads\/2021\/10\/35238009_1673553602713603_4450004165002788864_n-1-480x300.jpeg\" alt=\"35238009_1673553602713603_4450004165002788864_n\"><\/a><a href=\"https:\/\/goscwdom.com\/wp-content\/uploads\/2021\/10\/25398931_1496853420383623_1337322396436263343_n.jpeg\" title=\"25398931_1496853420383623_1337322396436263343_n\"><img decoding=\"async\" src=\"https:\/\/goscwdom.com\/wp-content\/uploads\/2021\/10\/25398931_1496853420383623_1337322396436263343_n-480x300.jpeg\" alt=\"25398931_1496853420383623_1337322396436263343_n\"><\/a><a href=\"https:\/\/goscwdom.com\/wp-content\/uploads\/2021\/10\/27067550_1535486653186966_7186206321727231191_n.jpeg\" title=\"27067550_1535486653186966_7186206321727231191_n\"><img decoding=\"async\" src=\"https:\/\/goscwdom.com\/wp-content\/uploads\/2021\/10\/27067550_1535486653186966_7186206321727231191_n-480x300.jpeg\" alt=\"27067550_1535486653186966_7186206321727231191_n\"><\/a><a href=\"https:\/\/goscwdom.com\/wp-content\/uploads\/2021\/10\/27540290_1547319895336975_5021259734175605533_n.jpeg\" title=\"27540290_1547319895336975_5021259734175605533_n\"><img decoding=\"async\" src=\"https:\/\/goscwdom.com\/wp-content\/uploads\/2021\/10\/27540290_1547319895336975_5021259734175605533_n-480x300.jpeg\" alt=\"27540290_1547319895336975_5021259734175605533_n\"><\/a><a href=\"https:\/\/goscwdom.com\/wp-content\/uploads\/2021\/10\/62242624_2184406148295010_7772440816210935808_n.jpeg\" title=\"62242624_2184406148295010_7772440816210935808_n\"><img decoding=\"async\" src=\"https:\/\/goscwdom.com\/wp-content\/uploads\/2021\/10\/62242624_2184406148295010_7772440816210935808_n-480x300.jpeg\" alt=\"62242624_2184406148295010_7772440816210935808_n\"><\/a><a href=\"https:\/\/goscwdom.com\/wp-content\/uploads\/2021\/10\/239940748_4166796576722614_4978605893911037356_n.jpeg\" title=\"239940748_4166796576722614_4978605893911037356_n\"><img decoding=\"async\" src=\"https:\/\/goscwdom.com\/wp-content\/uploads\/2021\/10\/239940748_4166796576722614_4978605893911037356_n-480x300.jpeg\" alt=\"239940748_4166796576722614_4978605893911037356_n\"><\/a><a href=\"https:\/\/goscwdom.com\/wp-content\/uploads\/2021\/10\/241785945_4232569733478631_416382559087135446_n.jpeg\" title=\"241785945_4232569733478631_416382559087135446_n\"><img decoding=\"async\" src=\"https:\/\/goscwdom.com\/wp-content\/uploads\/2021\/10\/241785945_4232569733478631_416382559087135446_n-480x300.jpeg\" alt=\"241785945_4232569733478631_416382559087135446_n\"><\/a><a href=\"https:\/\/goscwdom.com\/wp-content\/uploads\/2021\/10\/200499708_4004069562995317_4707311619880212330_n.jpeg\" title=\"200499708_4004069562995317_4707311619880212330_n\"><img decoding=\"async\" src=\"https:\/\/goscwdom.com\/wp-content\/uploads\/2021\/10\/200499708_4004069562995317_4707311619880212330_n-480x300.jpeg\" alt=\"200499708_4004069562995317_4707311619880212330_n\"><\/a><a href=\"https:\/\/goscwdom.com\/wp-content\/uploads\/2021\/10\/121569339_3308089245926689_9025847213779919194_n.jpeg\" title=\"121569339_3308089245926689_9025847213779919194_n\"><img decoding=\"async\" src=\"https:\/\/goscwdom.com\/wp-content\/uploads\/2021\/10\/121569339_3308089245926689_9025847213779919194_n-480x300.jpeg\" alt=\"121569339_3308089245926689_9025847213779919194_n\"><\/a><a href=\"https:\/\/goscwdom.com\/wp-content\/uploads\/2021\/10\/119836313_3232419643493650_5190021389946766016_n.jpeg\" title=\"119836313_3232419643493650_5190021389946766016_n\"><img decoding=\"async\" src=\"https:\/\/goscwdom.com\/wp-content\/uploads\/2021\/10\/119836313_3232419643493650_5190021389946766016_n-480x300.jpeg\" alt=\"119836313_3232419643493650_5190021389946766016_n\"><\/a><a href=\"https:\/\/goscwdom.com\/wp-content\/uploads\/2021\/10\/116562032_3087223834679899_6182458029722075370_n.jpeg\" title=\"116562032_3087223834679899_6182458029722075370_n\"><img decoding=\"async\" src=\"https:\/\/goscwdom.com\/wp-content\/uploads\/2021\/10\/116562032_3087223834679899_6182458029722075370_n-480x300.jpeg\" alt=\"116562032_3087223834679899_6182458029722075370_n\"><\/a><br \/>\n                <\/section>\n<h2 style=\"color: white;\">Masz pytania?<\/h2>\n<p>\t\t\t<a href=\"https:\/\/goscwdom.com\/index.php\/kontakt\/\" role=\"button\"><br \/>\n\t\t\t\t\t\tZad\u017awo\u0144!<br \/>\n\t\t\t\t\t<\/a><\/p>\n\n\n<p class=\"has-text-align-center\">\n  <strong>\n    <mark style=\"background-color:rgba(0, 0, 0, 0); color:#777777; font-size:15px;\" class=\"has-inline-color\">\n      Przedsi\u0119wzi\u0119cie M\u015aP wsp\u00f3\u0142finansowane przez Uni\u0119 Europejsk\u0105 ze \u015brodk\u00f3w Krajowego Planu Odbudowy i Zwi\u0119kszania Odporno\u015bci\n    <\/mark>\n  <\/strong>\n<\/p>\n\n\n<div class=\"wp-block-image\">\n<figure class=\"aligncenter size-full\"><img loading=\"lazy\" decoding=\"async\" width=\"967\" height=\"60\" src=\"https:\/\/goscwdom.com\/wp-content\/uploads\/2025\/03\/image004.png\" alt=\"\" class=\"wp-image-1947\" srcset=\"https:\/\/goscwdom.com\/wp-content\/uploads\/2025\/03\/image004.png 967w, https:\/\/goscwdom.com\/wp-content\/uploads\/2025\/03\/image004-300x19.png 300w, https:\/\/goscwdom.com\/wp-content\/uploads\/2025\/03\/image004-768x48.png 768w\" sizes=\"auto, (max-width: 967px) 100vw, 967px\" \/><\/figure><\/div>","protected":false},"excerpt":{"rendered":"<p>Nasza sale mo\u017cna r\u00f3wnie\u017c wykorzysta\u0107  do innego typu imprez okoliczno\u015bciowych ni\u017c wesela. Wielokrotnie organizowali\u015bmy imprezy takie jak chrzciny, urodziny czy osiemnastki. Zaplecze techniczne pozwala zorganizowa\u0107 huczn\u0105 imprez\u0119 jak i spokojne rodzinne spotkanie. Wszystko zale\u017cy tylko i wy\u0142\u0105cznie od Pa\u0144stwa \u017cyczenia.<\/p>\n","protected":false},"author":1,"featured_media":1454,"parent":0,"menu_order":0,"comment_status":"closed","ping_status":"closed","template":"template-fullwidth.php","meta":{"footnotes":""},"class_list":["post-1593","page","type-page","status-publish","has-post-thumbnail","hentry"],"_links":{"self":[{"href":"https:\/\/goscwdom.com\/index.php\/wp-json\/wp\/v2\/pages\/1593","targetHints":{"allow":["GET"]}}],"collection":[{"href":"https:\/\/goscwdom.com\/index.php\/wp-json\/wp\/v2\/pages"}],"about":[{"href":"https:\/\/goscwdom.com\/index.php\/wp-json\/wp\/v2\/types\/page"}],"author":[{"embeddable":true,"href":"https:\/\/goscwdom.com\/index.php\/wp-json\/wp\/v2\/users\/1"}],"replies":[{"embeddable":true,"href":"https:\/\/goscwdom.com\/index.php\/wp-json\/wp\/v2\/comments?post=1593"}],"version-history":[{"count":26,"href":"https:\/\/goscwdom.com\/index.php\/wp-json\/wp\/v2\/pages\/1593\/revisions"}],"predecessor-version":[{"id":1978,"href":"https:\/\/goscwdom.com\/index.php\/wp-json\/wp\/v2\/pages\/1593\/revisions\/1978"}],"wp:featuredmedia":[{"embeddable":true,"href":"https:\/\/goscwdom.com\/index.php\/wp-json\/wp\/v2\/media\/1454"}],"wp:attachment":[{"href":"https:\/\/goscwdom.com\/index.php\/wp-json\/wp\/v2\/media?parent=1593"}],"curies":[{"name":"wp","href":"https:\/\/api.w.org\/{rel}","templated":true}]}}