{"id":1597,"date":"2021-11-24T17:55:23","date_gmt":"2021-11-24T17:55:23","guid":{"rendered":"https:\/\/goscwdom.com\/?page_id=1597"},"modified":"2025-03-23T20:47:01","modified_gmt":"2025-03-23T20:47:01","slug":"szkolenia","status":"publish","type":"page","link":"https:\/\/goscwdom.com\/index.php\/szkolenia\/","title":{"rendered":"Zadbaj o Siebie!"},"content":{"rendered":"<h2 style=\"color: white;\">SPRAWD\u0179\u00a0wolnE terminY<\/h2>\n<p>Skontaktuj si\u0119 z naszym kierownikiem hotelu aby dowiedzie\u0107 si\u0119 o wolnych terminach!<\/p>\n<p>\t\t\t<a href=\"https:\/\/goscwdom.com\/index.php\/kontakt\/\" role=\"button\"><br \/>\n\t\t\t\t\t\tZapytaj o wolny termin<br \/>\n\t\t\t\t\t<\/a><\/p>\n<h2>Nasz Pakiet dla zdrowia<\/h2>\n<h2>SZkolenie dietetyczne<\/h2>\n<p>\t\t\t\t\t\t\t\t\t\t\t\t\t\t\t<img decoding=\"async\" width=\"800\" height=\"534\" src=\"https:\/\/goscwdom.com\/wp-content\/uploads\/2021\/11\/mediterranean-cuisine-g69a01bad8_1920-1024x683.jpg\" alt=\"\" loading=\"lazy\" srcset=\"https:\/\/goscwdom.com\/wp-content\/uploads\/2021\/11\/mediterranean-cuisine-g69a01bad8_1920-1024x683.jpg 1024w, https:\/\/goscwdom.com\/wp-content\/uploads\/2021\/11\/mediterranean-cuisine-g69a01bad8_1920-300x200.jpg 300w, https:\/\/goscwdom.com\/wp-content\/uploads\/2021\/11\/mediterranean-cuisine-g69a01bad8_1920-768x512.jpg 768w, https:\/\/goscwdom.com\/wp-content\/uploads\/2021\/11\/mediterranean-cuisine-g69a01bad8_1920-1536x1024.jpg 1536w, https:\/\/goscwdom.com\/wp-content\/uploads\/2021\/11\/mediterranean-cuisine-g69a01bad8_1920.jpg 1920w\" sizes=\"auto, (max-width: 800px) 100vw, 800px\" \/><br \/>\n\t\t\t\t\t\t\t\t\t\t\t\t\t\t\t<img decoding=\"async\" width=\"800\" height=\"534\" src=\"https:\/\/goscwdom.com\/wp-content\/uploads\/2021\/11\/man-gfa6b01cf4_1920-1024x683.jpg\" alt=\"\" loading=\"lazy\" srcset=\"https:\/\/goscwdom.com\/wp-content\/uploads\/2021\/11\/man-gfa6b01cf4_1920-1024x683.jpg 1024w, https:\/\/goscwdom.com\/wp-content\/uploads\/2021\/11\/man-gfa6b01cf4_1920-300x200.jpg 300w, https:\/\/goscwdom.com\/wp-content\/uploads\/2021\/11\/man-gfa6b01cf4_1920-768x512.jpg 768w, https:\/\/goscwdom.com\/wp-content\/uploads\/2021\/11\/man-gfa6b01cf4_1920-1536x1025.jpg 1536w, https:\/\/goscwdom.com\/wp-content\/uploads\/2021\/11\/man-gfa6b01cf4_1920.jpg 1920w\" sizes=\"auto, (max-width: 800px) 100vw, 800px\" \/>\t\t\t\t\t\t\t\t\t\t\t\t\t\t\t<\/p>\n<h2>Zajecia rekreacyjne<\/h2>\n<h2>Doradztwo dietetyka<\/h2>\n<p>\t\t\t\t\t\t\t\t\t\t\t\t\t\t\t<img decoding=\"async\" width=\"800\" height=\"534\" src=\"https:\/\/goscwdom.com\/wp-content\/uploads\/2021\/11\/obesity-g129f4a66f_1920-1024x683.jpg\" alt=\"\" loading=\"lazy\" srcset=\"https:\/\/goscwdom.com\/wp-content\/uploads\/2021\/11\/obesity-g129f4a66f_1920-1024x683.jpg 1024w, https:\/\/goscwdom.com\/wp-content\/uploads\/2021\/11\/obesity-g129f4a66f_1920-300x200.jpg 300w, https:\/\/goscwdom.com\/wp-content\/uploads\/2021\/11\/obesity-g129f4a66f_1920-768x512.jpg 768w, https:\/\/goscwdom.com\/wp-content\/uploads\/2021\/11\/obesity-g129f4a66f_1920-1536x1024.jpg 1536w, https:\/\/goscwdom.com\/wp-content\/uploads\/2021\/11\/obesity-g129f4a66f_1920.jpg 1920w\" sizes=\"auto, (max-width: 800px) 100vw, 800px\" \/>\t\t\t\t\t\t\t\t\t\t\t\t\t\t\t<\/p>\n<h2 style=\"color: white;\">Wr\u00f3\u0107 do formy!<\/h2>\n<p>Ka\u017cdy go\u015b\u0107 korzystaj\u0105cy z Naszego pakietu otrzymuje dzienny harmonogram zaj\u0119\u0107 a po <br \/> konsultacji z profesjonalnym dietetykiem otrzymuje codzienny harmonogram zaj\u0119\u0107 ruchowych.<br \/>\n\t\t\t<a href=\"https:\/\/goscwdom.com\/index.php\/kontakt\/\" role=\"button\"><br \/>\n\t\t\t\t\t\tZapytaj szczeg\u00f3\u0142y<br \/>\n\t\t\t\t\t<\/a><\/p>\n<h2>Nasze Aktywno\u015bci<\/h2>\n<p>\t\t\t\t\t\t\t\t\t\t\t\t\t\t\t<img decoding=\"async\" width=\"800\" height=\"534\" src=\"https:\/\/goscwdom.com\/wp-content\/uploads\/2021\/11\/woman-g92c1d0b4e_1920-1024x683.jpg\" alt=\"\" loading=\"lazy\" srcset=\"https:\/\/goscwdom.com\/wp-content\/uploads\/2021\/11\/woman-g92c1d0b4e_1920-1024x683.jpg 1024w, https:\/\/goscwdom.com\/wp-content\/uploads\/2021\/11\/woman-g92c1d0b4e_1920-300x200.jpg 300w, https:\/\/goscwdom.com\/wp-content\/uploads\/2021\/11\/woman-g92c1d0b4e_1920-768x512.jpg 768w, https:\/\/goscwdom.com\/wp-content\/uploads\/2021\/11\/woman-g92c1d0b4e_1920-1536x1025.jpg 1536w, https:\/\/goscwdom.com\/wp-content\/uploads\/2021\/11\/woman-g92c1d0b4e_1920.jpg 1920w\" sizes=\"auto, (max-width: 800px) 100vw, 800px\" \/>\t\t\t\t\t\t\t\t\t\t\t\t\t\t\t<\/p>\n<h2>Kajak<\/h2>\n<section style=\"color: #777777; font-family: 'Open Sans', Helvetica, Arial, sans-serif; text-align: start;\" data-id=\"1ca73f6\" data-element_type=\"section\">\n<p>W pobli\u017cu naszej restauracji znajd\u0105 Pa\u0144stwo\u00a0rzek\u0119 Obra i jezioro B\u0142\u0119dno. Cudowne miejsca do pop\u0142ywania na kajakach<\/p>\n<\/section>\n<section style=\"color: #777777; font-family: 'Open Sans', Helvetica, Arial, sans-serif; text-align: start;\" data-id=\"68692f9\" data-element_type=\"section\">\u00a0<\/section>\n<h2>Rower\u00a0<\/h2>\n<p style=\"box-sizing: border-box; margin-top: 0px; margin-bottom: 0.9375rem; word-break: break-word; overflow-wrap: break-word;\">W pobli\u017cu naszej restauracji znajd\u0105 Pa\u0144stwo r\u00f3wnie\u017c wiele przepi\u0119knych \u015bcie\u017cek rowerowych. Idealne miejsce na drobn\u0105 wycieczk\u0119.<\/p>\n<p>\t\t\t\t\t\t\t\t\t\t\t\t\t\t\t<img decoding=\"async\" width=\"800\" height=\"600\" src=\"https:\/\/goscwdom.com\/wp-content\/uploads\/2021\/11\/cycles-g261581b7b_1920-1024x768.jpg\" alt=\"\" loading=\"lazy\" srcset=\"https:\/\/goscwdom.com\/wp-content\/uploads\/2021\/11\/cycles-g261581b7b_1920-1024x768.jpg 1024w, https:\/\/goscwdom.com\/wp-content\/uploads\/2021\/11\/cycles-g261581b7b_1920-300x225.jpg 300w, https:\/\/goscwdom.com\/wp-content\/uploads\/2021\/11\/cycles-g261581b7b_1920-768x576.jpg 768w, https:\/\/goscwdom.com\/wp-content\/uploads\/2021\/11\/cycles-g261581b7b_1920-1536x1152.jpg 1536w, https:\/\/goscwdom.com\/wp-content\/uploads\/2021\/11\/cycles-g261581b7b_1920.jpg 1920w\" sizes=\"auto, (max-width: 800px) 100vw, 800px\" \/><br \/>\n\t\t\t\t\t\t\t\t\t\t\t\t\t\t\t<img decoding=\"async\" width=\"800\" height=\"534\" src=\"https:\/\/goscwdom.com\/wp-content\/uploads\/2021\/11\/sports-g4aa0a62b5_1920-1024x683.jpg\" alt=\"\" loading=\"lazy\" srcset=\"https:\/\/goscwdom.com\/wp-content\/uploads\/2021\/11\/sports-g4aa0a62b5_1920-1024x683.jpg 1024w, https:\/\/goscwdom.com\/wp-content\/uploads\/2021\/11\/sports-g4aa0a62b5_1920-300x200.jpg 300w, https:\/\/goscwdom.com\/wp-content\/uploads\/2021\/11\/sports-g4aa0a62b5_1920-768x512.jpg 768w, https:\/\/goscwdom.com\/wp-content\/uploads\/2021\/11\/sports-g4aa0a62b5_1920-1536x1024.jpg 1536w, https:\/\/goscwdom.com\/wp-content\/uploads\/2021\/11\/sports-g4aa0a62b5_1920.jpg 1920w\" sizes=\"auto, (max-width: 800px) 100vw, 800px\" \/>\t\t\t\t\t\t\t\t\t\t\t\t\t\t\t<\/p>\n<h2>Nordic walking<\/h2>\n<section style=\"color: #777777; font-family: 'Open Sans', Helvetica, Arial, sans-serif; text-align: start;\" data-id=\"cda669d\" data-element_type=\"section\">\n<p>Na szlakach w pobli\u017cu naszej restauracji Go\u015b\u0107 w dom r\u00f3wnie\u017c mo\u017cna znale\u017a\u0107 ca\u0142\u0105 mas\u0119 zapale\u0144c\u00f3w nordic walkingu.\u00a0<\/p>\n<\/section>\n<section style=\"color: #777777; font-family: 'Open Sans', Helvetica, Arial, sans-serif; text-align: start;\" data-id=\"7cdd4e1\" data-element_type=\"section\">\u00a0<\/section>\n<h2 style=\"color: white;\">SprAwd\u017a wolnE terminY<\/h2>\n<p>Skontaktuj si\u0119 z naszym kierownikiem hotelu aby dowiedzie\u0107 si\u0119 o wolnych terminach!<\/p>\n<p>\t\t\t<a href=\"https:\/\/goscwdom.com\/index.php\/kontakt\/\" role=\"button\"><br \/>\n\t\t\t\t\t\tZapytaj o wolny termin<br \/>\n\t\t\t\t\t<\/a><\/p>\n\n\n<p class=\"has-text-align-center\">\n  <strong>\n    <mark style=\"background-color:rgba(0, 0, 0, 0); color:#777777; font-size:15px;\" class=\"has-inline-color\">\n      Przedsi\u0119wzi\u0119cie M\u015aP wsp\u00f3\u0142finansowane przez Uni\u0119 Europejsk\u0105 ze \u015brodk\u00f3w Krajowego Planu Odbudowy i Zwi\u0119kszania Odporno\u015bci\n    <\/mark>\n  <\/strong>\n<\/p>\n\n\n<div class=\"wp-block-image\">\n<figure class=\"aligncenter size-full\"><img loading=\"lazy\" decoding=\"async\" width=\"967\" height=\"60\" src=\"https:\/\/goscwdom.com\/wp-content\/uploads\/2025\/03\/image004.png\" alt=\"\" class=\"wp-image-1947\" srcset=\"https:\/\/goscwdom.com\/wp-content\/uploads\/2025\/03\/image004.png 967w, https:\/\/goscwdom.com\/wp-content\/uploads\/2025\/03\/image004-300x19.png 300w, https:\/\/goscwdom.com\/wp-content\/uploads\/2025\/03\/image004-768x48.png 768w\" sizes=\"auto, (max-width: 967px) 100vw, 967px\" \/><\/figure><\/div>","protected":false},"excerpt":{"rendered":"<p>SPRAWD\u0179\u00a0wolnE terminY Skontaktuj si\u0119 z naszym kierownikiem hotelu aby dowiedzie\u0107 si\u0119 o wolnych terminach! Zapytaj o wolny termin Nasz Pakiet dla zdrowia SZkolenie dietetyczne Zajecia rekreacyjne Doradztwo dietetyka Wr\u00f3\u0107 do &#8230;<\/p>\n","protected":false},"author":1,"featured_media":1764,"parent":0,"menu_order":0,"comment_status":"closed","ping_status":"closed","template":"template-fullwidth.php","meta":{"footnotes":""},"class_list":["post-1597","page","type-page","status-publish","has-post-thumbnail","hentry"],"_links":{"self":[{"href":"https:\/\/goscwdom.com\/index.php\/wp-json\/wp\/v2\/pages\/1597","targetHints":{"allow":["GET"]}}],"collection":[{"href":"https:\/\/goscwdom.com\/index.php\/wp-json\/wp\/v2\/pages"}],"about":[{"href":"https:\/\/goscwdom.com\/index.php\/wp-json\/wp\/v2\/types\/page"}],"author":[{"embeddable":true,"href":"https:\/\/goscwdom.com\/index.php\/wp-json\/wp\/v2\/users\/1"}],"replies":[{"embeddable":true,"href":"https:\/\/goscwdom.com\/index.php\/wp-json\/wp\/v2\/comments?post=1597"}],"version-history":[{"count":24,"href":"https:\/\/goscwdom.com\/index.php\/wp-json\/wp\/v2\/pages\/1597\/revisions"}],"predecessor-version":[{"id":1981,"href":"https:\/\/goscwdom.com\/index.php\/wp-json\/wp\/v2\/pages\/1597\/revisions\/1981"}],"wp:featuredmedia":[{"embeddable":true,"href":"https:\/\/goscwdom.com\/index.php\/wp-json\/wp\/v2\/media\/1764"}],"wp:attachment":[{"href":"https:\/\/goscwdom.com\/index.php\/wp-json\/wp\/v2\/media?parent=1597"}],"curies":[{"name":"wp","href":"https:\/\/api.w.org\/{rel}","templated":true}]}}