{"id":1605,"date":"2021-11-24T17:57:50","date_gmt":"2021-11-24T17:57:50","guid":{"rendered":"https:\/\/goscwdom.com\/?page_id=1605"},"modified":"2025-03-23T20:46:19","modified_gmt":"2025-03-23T20:46:19","slug":"aktywny-weekend","status":"publish","type":"page","link":"https:\/\/goscwdom.com\/index.php\/szkolenia\/aktywny-weekend\/","title":{"rendered":"Aktywny Weekend!"},"content":{"rendered":"<p>Jedn\u0105 z najwi\u0119kszych atrakcji naszego regionu jest Szlak Drewnianych Ko\u015bcio\u0142\u00f3w ( jeden z nich znajduje si\u0119 obok naszej restauracji ). R\u00f3wnie\u017c w pobli\u017cu znajd\u0105 Pa\u0144stwo rzek\u0119 Obra i jezioro B\u0142\u0119dno,\u00a0\u00a0jak r\u00f3wnie\u017c bardzo pi\u0119kne krajobrazowo \u015bcie\u017cki rowerowe i piesze. Zach\u0119camy Pa\u0144stwa do zapoznania si\u0119 z naszymi propozycjami i skorzystania z naszej oferty.<\/p>\n<h2 style=\"color: white;\">SPRAWD\u0179\u00a0wolnE terminY<\/h2>\n<p>Skontaktuj si\u0119 z naszym kierownikiem hotelu aby dowiedzie\u0107 si\u0119 o wolnych terminach!<\/p>\n<p><a role=\"button\" href=\"https:\/\/goscwdom.com\/index.php\/kontakt\/\"><br \/>\nZapytaj o wolny termin<br \/>\n<\/a><\/p>\n<h2>Rodzinny Weekend<\/h2>\n<p>Go\u015b\u0107 w dom to idealne miejsce na sp\u0119dzenie zdrowego weekendu razem z rodzin\u0105. Znajd\u0105 tu Pa\u0144stwo chwil\u0119 oddechu od spraw codziennych i mo\u017cliwo\u015b\u0107 zrelaksowania si\u0119<\/p>\n<p><img loading=\"lazy\" decoding=\"async\" src=\"https:\/\/goscwdom.com\/wp-content\/uploads\/2021\/11\/family-g1badd1b62_1920-1024x683.jpg\" sizes=\"auto, (max-width: 800px) 100vw, 800px\" srcset=\"https:\/\/goscwdom.com\/wp-content\/uploads\/2021\/11\/family-g1badd1b62_1920-1024x683.jpg 1024w, https:\/\/goscwdom.com\/wp-content\/uploads\/2021\/11\/family-g1badd1b62_1920-300x200.jpg 300w, https:\/\/goscwdom.com\/wp-content\/uploads\/2021\/11\/family-g1badd1b62_1920-768x512.jpg 768w, https:\/\/goscwdom.com\/wp-content\/uploads\/2021\/11\/family-g1badd1b62_1920-1536x1024.jpg 1536w, https:\/\/goscwdom.com\/wp-content\/uploads\/2021\/11\/family-g1badd1b62_1920.jpg 1920w\" alt=\"\" width=\"800\" height=\"534\" \/><br \/>\n<img loading=\"lazy\" decoding=\"async\" src=\"https:\/\/goscwdom.com\/wp-content\/uploads\/2021\/11\/woman-g92c1d0b4e_1920-1024x683.jpg\" sizes=\"auto, (max-width: 800px) 100vw, 800px\" srcset=\"https:\/\/goscwdom.com\/wp-content\/uploads\/2021\/11\/woman-g92c1d0b4e_1920-1024x683.jpg 1024w, https:\/\/goscwdom.com\/wp-content\/uploads\/2021\/11\/woman-g92c1d0b4e_1920-300x200.jpg 300w, https:\/\/goscwdom.com\/wp-content\/uploads\/2021\/11\/woman-g92c1d0b4e_1920-768x512.jpg 768w, https:\/\/goscwdom.com\/wp-content\/uploads\/2021\/11\/woman-g92c1d0b4e_1920-1536x1025.jpg 1536w, https:\/\/goscwdom.com\/wp-content\/uploads\/2021\/11\/woman-g92c1d0b4e_1920.jpg 1920w\" alt=\"\" width=\"800\" height=\"534\" \/><\/p>\n<h2>Kajak<\/h2>\n<p>W pobli\u017cu naszej restauracji znajd\u0105 Pa\u0144stwo\u00a0rzek\u0119 Obra i jezioro B\u0142\u0119dno. Cudowne miejsca do pop\u0142ywania na kajakach<\/p>\n<h2>Rower<\/h2>\n<p>W pobli\u017cu naszej restauracji znajd\u0105 Pa\u0144stwo r\u00f3wnie\u017c wiele przepi\u0119knych \u015bcie\u017cek rowerowych. Idealne miejsce na drobn\u0105 wycieczk\u0119.<\/p>\n<p><img loading=\"lazy\" decoding=\"async\" src=\"https:\/\/goscwdom.com\/wp-content\/uploads\/2021\/11\/cycles-g261581b7b_1920-1024x768.jpg\" sizes=\"auto, (max-width: 800px) 100vw, 800px\" srcset=\"https:\/\/goscwdom.com\/wp-content\/uploads\/2021\/11\/cycles-g261581b7b_1920-1024x768.jpg 1024w, https:\/\/goscwdom.com\/wp-content\/uploads\/2021\/11\/cycles-g261581b7b_1920-300x225.jpg 300w, https:\/\/goscwdom.com\/wp-content\/uploads\/2021\/11\/cycles-g261581b7b_1920-768x576.jpg 768w, https:\/\/goscwdom.com\/wp-content\/uploads\/2021\/11\/cycles-g261581b7b_1920-1536x1152.jpg 1536w, https:\/\/goscwdom.com\/wp-content\/uploads\/2021\/11\/cycles-g261581b7b_1920.jpg 1920w\" alt=\"\" width=\"800\" height=\"600\" \/><br \/>\n<img loading=\"lazy\" decoding=\"async\" src=\"https:\/\/goscwdom.com\/wp-content\/uploads\/2021\/11\/sports-g4aa0a62b5_1920-1024x683.jpg\" sizes=\"auto, (max-width: 800px) 100vw, 800px\" srcset=\"https:\/\/goscwdom.com\/wp-content\/uploads\/2021\/11\/sports-g4aa0a62b5_1920-1024x683.jpg 1024w, https:\/\/goscwdom.com\/wp-content\/uploads\/2021\/11\/sports-g4aa0a62b5_1920-300x200.jpg 300w, https:\/\/goscwdom.com\/wp-content\/uploads\/2021\/11\/sports-g4aa0a62b5_1920-768x512.jpg 768w, https:\/\/goscwdom.com\/wp-content\/uploads\/2021\/11\/sports-g4aa0a62b5_1920-1536x1024.jpg 1536w, https:\/\/goscwdom.com\/wp-content\/uploads\/2021\/11\/sports-g4aa0a62b5_1920.jpg 1920w\" alt=\"\" width=\"800\" height=\"534\" \/><\/p>\n<h2>Nordic walking<\/h2>\n<p>Na szlakach w pobli\u017cu naszej restauracji Go\u015b\u0107 w dom r\u00f3wnie\u017c mo\u017cna znale\u017a\u0107 ca\u0142\u0105 mas\u0119 zapale\u0144c\u00f3w nordic walkingu.<\/p>\n<h2 style=\"font-family: var( --e-global-typography-primary-font-family ), Sans-serif; font-weight: var( --e-global-typography-primary-font-weight ); line-height: var( --e-global-typography-primary-line-height ); font-size: var( --e-global-typography-primary-font-size ); text-transform: var( --e-global-typography-primary-text-transform ); font-style: normal; letter-spacing: var( --e-global-typography-primary-letter-spacing );\">GRILL I OGNISKO<\/h2>\n<p>A po wszystkim mo\u017cna usi\u0105\u015b\u0107 u nas w ogrodzie i bawi\u0107 si\u0119 czy to przy ognisku czy przy naszym grillu.<\/p>\n<p><img loading=\"lazy\" decoding=\"async\" src=\"https:\/\/goscwdom.com\/wp-content\/uploads\/2021\/11\/bonfire-g0976669a0_1920-1024x683.jpg\" sizes=\"auto, (max-width: 800px) 100vw, 800px\" srcset=\"https:\/\/goscwdom.com\/wp-content\/uploads\/2021\/11\/bonfire-g0976669a0_1920-1024x683.jpg 1024w, https:\/\/goscwdom.com\/wp-content\/uploads\/2021\/11\/bonfire-g0976669a0_1920-300x200.jpg 300w, https:\/\/goscwdom.com\/wp-content\/uploads\/2021\/11\/bonfire-g0976669a0_1920-768x512.jpg 768w, https:\/\/goscwdom.com\/wp-content\/uploads\/2021\/11\/bonfire-g0976669a0_1920-1536x1024.jpg 1536w, https:\/\/goscwdom.com\/wp-content\/uploads\/2021\/11\/bonfire-g0976669a0_1920.jpg 1920w\" alt=\"\" width=\"800\" height=\"534\" \/><\/p>\n<h2 style=\"color: white;\">SPRAWD\u0179\u00a0wolnE terminY<\/h2>\n<p>Skontaktuj si\u0119 z naszym kierownikiem hotelu aby dowiedzie\u0107 si\u0119 o wolnych terminach!<\/p>\n<p><a role=\"button\" href=\"https:\/\/goscwdom.com\/index.php\/kontakt\/\"><br \/>\nZapytaj o wolny termin<br \/>\n<\/a><\/p>\n<h2>Nasze Pokoje<\/h2>\n<h2>Pok\u00f3j #1_<\/h2>\n<p>Lorem ipsum dolor sit amet, consectetur adipiscing elit. Ut elit tellus, luctus nec ullamcorper mattis, pulvinar dapibus leo.Lorem ipsum dolor sit amet, consectetur adipiscing elit. Ut elit tellus, luctus nec ullamcorper mattis, pulvinar dapibus leo.<\/p>\n<ul>\n<li>\u0141\u00f3\u017cko double bed<\/li>\n<li>Lod\u00f3wka<\/li>\n<li>Telewizor<\/li>\n<\/ul>\n<p><img loading=\"lazy\" decoding=\"async\" src=\"https:\/\/goscwdom.com\/wp-content\/uploads\/2021\/10\/16112816_1179515238784111_9216531891685683263_o-1-1024x683.jpeg\" sizes=\"auto, (max-width: 800px) 100vw, 800px\" srcset=\"https:\/\/goscwdom.com\/wp-content\/uploads\/2021\/10\/16112816_1179515238784111_9216531891685683263_o-1-1024x683.jpeg 1024w, https:\/\/goscwdom.com\/wp-content\/uploads\/2021\/10\/16112816_1179515238784111_9216531891685683263_o-1-300x200.jpeg 300w, https:\/\/goscwdom.com\/wp-content\/uploads\/2021\/10\/16112816_1179515238784111_9216531891685683263_o-1-768x512.jpeg 768w, https:\/\/goscwdom.com\/wp-content\/uploads\/2021\/10\/16112816_1179515238784111_9216531891685683263_o-1-1536x1024.jpeg 1536w, https:\/\/goscwdom.com\/wp-content\/uploads\/2021\/10\/16112816_1179515238784111_9216531891685683263_o-1.jpeg 2048w\" alt=\"\" width=\"800\" height=\"534\" \/><\/p>\n<h2>pok\u00f3j #2<\/h2>\n<p>Lorem ipsum dolor sit amet, consectetur adipiscing elit. Ut elit tellus, luctus nec ullamcorper mattis, pulvinar dapibus leo.Lorem ipsum dolor sit amet, consectetur adipiscing elit. Ut elit tellus, luctus nec ullamcorper mattis, pulvinar dapibus leo.<\/p>\n<ul>\n<li>2x \u0141\u00f3\u017cko pojedy\u0144cze<\/li>\n<li>Lod\u00f3wka<\/li>\n<li>Telewizor<\/li>\n<\/ul>\n<p><img loading=\"lazy\" decoding=\"async\" src=\"https:\/\/goscwdom.com\/wp-content\/uploads\/2021\/10\/16112816_1179515238784111_9216531891685683263_o-1-1024x683.jpeg\" sizes=\"auto, (max-width: 800px) 100vw, 800px\" srcset=\"https:\/\/goscwdom.com\/wp-content\/uploads\/2021\/10\/16112816_1179515238784111_9216531891685683263_o-1-1024x683.jpeg 1024w, https:\/\/goscwdom.com\/wp-content\/uploads\/2021\/10\/16112816_1179515238784111_9216531891685683263_o-1-300x200.jpeg 300w, https:\/\/goscwdom.com\/wp-content\/uploads\/2021\/10\/16112816_1179515238784111_9216531891685683263_o-1-768x512.jpeg 768w, https:\/\/goscwdom.com\/wp-content\/uploads\/2021\/10\/16112816_1179515238784111_9216531891685683263_o-1-1536x1024.jpeg 1536w, https:\/\/goscwdom.com\/wp-content\/uploads\/2021\/10\/16112816_1179515238784111_9216531891685683263_o-1.jpeg 2048w\" alt=\"\" width=\"800\" height=\"534\" \/><\/p>\n<h2>Pok\u00f3j #3<\/h2>\n<p>Lorem ipsum dolor sit amet, consectetur adipiscing elit. Ut elit tellus, luctus nec ullamcorper mattis, pulvinar dapibus leo.Lorem ipsum dolor sit amet, consectetur adipiscing elit. Ut elit tellus, luctus nec ullamcorper mattis, pulvinar dapibus leo.<\/p>\n<ul>\n<li>2x \u0141\u00f3\u017cko pojedy\u0144cze<\/li>\n<li>Lod\u00f3wka<\/li>\n<li>Telewizor<\/li>\n<\/ul>\n<p><img loading=\"lazy\" decoding=\"async\" src=\"https:\/\/goscwdom.com\/wp-content\/uploads\/2021\/10\/16112816_1179515238784111_9216531891685683263_o-1-1024x683.jpeg\" sizes=\"auto, (max-width: 800px) 100vw, 800px\" srcset=\"https:\/\/goscwdom.com\/wp-content\/uploads\/2021\/10\/16112816_1179515238784111_9216531891685683263_o-1-1024x683.jpeg 1024w, https:\/\/goscwdom.com\/wp-content\/uploads\/2021\/10\/16112816_1179515238784111_9216531891685683263_o-1-300x200.jpeg 300w, https:\/\/goscwdom.com\/wp-content\/uploads\/2021\/10\/16112816_1179515238784111_9216531891685683263_o-1-768x512.jpeg 768w, https:\/\/goscwdom.com\/wp-content\/uploads\/2021\/10\/16112816_1179515238784111_9216531891685683263_o-1-1536x1024.jpeg 1536w, https:\/\/goscwdom.com\/wp-content\/uploads\/2021\/10\/16112816_1179515238784111_9216531891685683263_o-1.jpeg 2048w\" alt=\"\" width=\"800\" height=\"534\" \/><\/p>\n<h2 style=\"color: white;\">Sprwad\u017a wolnE terminY<\/h2>\n<p>Skontaktuj si\u0119 z naszym kierownikiem hotelu aby dowiedzie\u0107 si\u0119 o wolnych terminach!<\/p>\n<p><a role=\"button\" href=\"https:\/\/goscwdom.com\/index.php\/kontakt\/\"><br \/>\nZapytaj o wolny termin<br \/>\n<\/a><\/p>\n\n\n<p class=\"has-text-align-center\">\n  <strong>\n    <mark style=\"background-color:rgba(0, 0, 0, 0); color:#777777; font-size:15px;\" class=\"has-inline-color\">\n      Przedsi\u0119wzi\u0119cie M\u015aP wsp\u00f3\u0142finansowane przez Uni\u0119 Europejsk\u0105 ze \u015brodk\u00f3w Krajowego Planu Odbudowy i Zwi\u0119kszania Odporno\u015bci\n    <\/mark>\n  <\/strong>\n<\/p>\n\n\n<div class=\"wp-block-image\">\n<figure class=\"aligncenter size-full\"><img loading=\"lazy\" decoding=\"async\" width=\"967\" height=\"60\" src=\"https:\/\/goscwdom.com\/wp-content\/uploads\/2025\/03\/image004.png\" alt=\"\" class=\"wp-image-1947\" srcset=\"https:\/\/goscwdom.com\/wp-content\/uploads\/2025\/03\/image004.png 967w, https:\/\/goscwdom.com\/wp-content\/uploads\/2025\/03\/image004-300x19.png 300w, https:\/\/goscwdom.com\/wp-content\/uploads\/2025\/03\/image004-768x48.png 768w\" sizes=\"auto, (max-width: 967px) 100vw, 967px\" \/><\/figure><\/div>","protected":false},"excerpt":{"rendered":"<p>Jedn\u0105 z najwi\u0119kszych atrakcji naszego regionu jest Szlak Drewnianych Ko\u015bcio\u0142\u00f3w ( jeden z nich znajduje si\u0119 obok naszej restauracji ). R\u00f3wnie\u017c w pobli\u017cu znajd\u0105 Pa\u0144stwo rzek\u0119 Obra i jezioro B\u0142\u0119dno,\u00a0\u00a0jak &#8230;<\/p>\n","protected":false},"author":1,"featured_media":1758,"parent":1597,"menu_order":0,"comment_status":"closed","ping_status":"closed","template":"template-fullwidth.php","meta":{"footnotes":""},"class_list":["post-1605","page","type-page","status-publish","has-post-thumbnail","hentry"],"_links":{"self":[{"href":"https:\/\/goscwdom.com\/index.php\/wp-json\/wp\/v2\/pages\/1605","targetHints":{"allow":["GET"]}}],"collection":[{"href":"https:\/\/goscwdom.com\/index.php\/wp-json\/wp\/v2\/pages"}],"about":[{"href":"https:\/\/goscwdom.com\/index.php\/wp-json\/wp\/v2\/types\/page"}],"author":[{"embeddable":true,"href":"https:\/\/goscwdom.com\/index.php\/wp-json\/wp\/v2\/users\/1"}],"replies":[{"embeddable":true,"href":"https:\/\/goscwdom.com\/index.php\/wp-json\/wp\/v2\/comments?post=1605"}],"version-history":[{"count":32,"href":"https:\/\/goscwdom.com\/index.php\/wp-json\/wp\/v2\/pages\/1605\/revisions"}],"predecessor-version":[{"id":1980,"href":"https:\/\/goscwdom.com\/index.php\/wp-json\/wp\/v2\/pages\/1605\/revisions\/1980"}],"up":[{"embeddable":true,"href":"https:\/\/goscwdom.com\/index.php\/wp-json\/wp\/v2\/pages\/1597"}],"wp:featuredmedia":[{"embeddable":true,"href":"https:\/\/goscwdom.com\/index.php\/wp-json\/wp\/v2\/media\/1758"}],"wp:attachment":[{"href":"https:\/\/goscwdom.com\/index.php\/wp-json\/wp\/v2\/media?parent=1605"}],"curies":[{"name":"wp","href":"https:\/\/api.w.org\/{rel}","templated":true}]}}