{"id":1921,"date":"2023-03-27T13:42:58","date_gmt":"2023-03-27T13:42:58","guid":{"rendered":"https:\/\/goscwdom.com\/?page_id=1921"},"modified":"2025-03-21T12:33:08","modified_gmt":"2025-03-21T12:33:08","slug":"projekty-unijne","status":"publish","type":"page","link":"https:\/\/goscwdom.com\/index.php\/projekty-unijne\/","title":{"rendered":"Projekty Unijne"},"content":{"rendered":"\n<p><\/p>\n\n\n\n<h2 class=\"wp-block-heading\"><strong>Projekt 1<\/strong><\/h2>\n\n\n\n<p>Celem przedsi\u0119wzi\u0119cia jest wprowadzenie nowej Oferty cateringowej dla odbiorc\u00f3w zewn\u0119trznych \u2013 catering dietetyczny.<\/p>\n\n\n\n<p>Nowa oferta dotyczy przygotowywania i dystrybucji diet pude\u0142kowych jako gotowych zestaw\u00f3w zawieraj\u0105cych smaczne i odpowiednio zbilansowane posi\u0142ki na ca\u0142y dzie\u0144. Wprowadzonych zostanie 9 nowych diet skomponowanych na potrzeby szerokiego grona odbiorc\u00f3w tj: dieta Fit, dieta Strong, dieta Vege, dieta niskie IG, dieta bezglutenowa, dieta soft, dieta keto, dieta standard, dieta sport. <\/p>\n\n\n\n<p>Oferta cateringu dla klient\u00f3w indywidualnych i instytucjonalnych jest elementem kolejnego kroku do budowania odporno\u015bci w sytuacjach kryzysowych, unowocze\u015bnienia bazy gastronomicznej, zmian\u0119 dystrybucji w \u015bwiadczeniu us\u0142ug ze stacjonarnej na dow\u00f3z do klienta, zwi\u0119kszenie grupy odbiorc\u00f3w. <\/p>\n\n\n\n<p>Warto\u015b\u0107 inwestycji wynosi 595812,00 PLN brutto koszty kwalifikowane stanowi\u0105 484400,00 PLN .<\/p>\n\n\n\n<p>Dofinansowanie ze \u015brodk\u00f3w Unii Europejskiej wynosi 382 676, 00 PLN<\/p>\n\n\n\n<p><\/p>\n\n\n\n<p><\/p>\n\n\n\n<p><strong>Przedsi\u0119wzi\u0119cie M\u015aP wsp\u00f3\u0142finansowane przez Uni\u0119 Europejsk\u0105 ze \u015brodk\u00f3w Krajowego Planu Odbudowy i Zwi\u0119kszania Odporno\u015bci<\/strong><\/p>\n\n\n\n<figure class=\"wp-block-gallery has-nested-images columns-default is-cropped wp-block-gallery-1 is-layout-flex wp-block-gallery-is-layout-flex\">\n<figure class=\"wp-block-image size-large\"><img loading=\"lazy\" decoding=\"async\" width=\"967\" height=\"60\" data-id=\"1947\" src=\"https:\/\/goscwdom.com\/wp-content\/uploads\/2025\/03\/image004.png\" alt=\"\" class=\"wp-image-1947\" srcset=\"https:\/\/goscwdom.com\/wp-content\/uploads\/2025\/03\/image004.png 967w, https:\/\/goscwdom.com\/wp-content\/uploads\/2025\/03\/image004-300x19.png 300w, https:\/\/goscwdom.com\/wp-content\/uploads\/2025\/03\/image004-768x48.png 768w\" sizes=\"auto, (max-width: 967px) 100vw, 967px\" \/><\/figure>\n<\/figure>\n\n\n\n<p><\/p>\n\n\n\n<p><\/p>\n\n\n\n<p><\/p>\n\n\n\n<p><\/p>\n\n\n\n<h2 class=\"wp-block-heading\"><strong>Projekt 2<\/strong><\/h2>\n\n\n\n<p>Celem realizacji operacji jest dalszy rozwoju i konkurencyjno\u015b\u0107 firmy w tym umocnienie jej na regionalnym rynku z zachowaniem obostrze\u0144 sanitarnych i utrzymania dotychczasowych miejsc pracy.<\/p>\n\n\n\n<p>Rezultaty i korzy\u015bci p\u0142yn\u0105ce z realizacji operacji g\u0142\u00f3wnie dotycz\u0105 mo\u017cliwo\u015bci wprowadzenia nowych atrakcyjnych us\u0142ug, poprzez poprawienie standardu obiektu, utworzenia strony www., wyposa\u017cenie w klimatyzacje pokoi hotelowych i salk\u0119 szkoleniow\u0105, wymiana okien w pokojach hotelowych.<\/p>\n\n\n\n<p>Nowe us\u0142ugi:<\/p>\n\n\n\n<ul class=\"wp-block-list\">\n<li>szkolenia dietetyczne,<\/li>\n\n\n\n<li>warsztaty kulinarne,<\/li>\n\n\n\n<li>zaj\u0119cia rekreacyjne,<\/li>\n\n\n\n<li>doradztwo online z dietetykiem,<\/li>\n\n\n\n<li>spotkania weekendowe w zakresie aktywnego sp\u0119dzenia czasu,<\/li>\n<\/ul>\n\n\n\n<p>\u2013 organizacja czasu wolnego dla rodzin<\/p>\n\n\n\n<p><\/p>\n","protected":false},"excerpt":{"rendered":"<p>Projekt 1 Celem przedsi\u0119wzi\u0119cia jest wprowadzenie nowej Oferty cateringowej dla odbiorc\u00f3w zewn\u0119trznych \u2013 catering dietetyczny. Nowa oferta dotyczy przygotowywania i dystrybucji diet pude\u0142kowych jako gotowych zestaw\u00f3w zawieraj\u0105cych smaczne i odpowiednio &#8230;<\/p>\n","protected":false},"author":1,"featured_media":0,"parent":0,"menu_order":0,"comment_status":"closed","ping_status":"closed","template":"template-fullwidth.php","meta":{"footnotes":""},"class_list":["post-1921","page","type-page","status-publish","hentry"],"_links":{"self":[{"href":"https:\/\/goscwdom.com\/index.php\/wp-json\/wp\/v2\/pages\/1921","targetHints":{"allow":["GET"]}}],"collection":[{"href":"https:\/\/goscwdom.com\/index.php\/wp-json\/wp\/v2\/pages"}],"about":[{"href":"https:\/\/goscwdom.com\/index.php\/wp-json\/wp\/v2\/types\/page"}],"author":[{"embeddable":true,"href":"https:\/\/goscwdom.com\/index.php\/wp-json\/wp\/v2\/users\/1"}],"replies":[{"embeddable":true,"href":"https:\/\/goscwdom.com\/index.php\/wp-json\/wp\/v2\/comments?post=1921"}],"version-history":[{"count":5,"href":"https:\/\/goscwdom.com\/index.php\/wp-json\/wp\/v2\/pages\/1921\/revisions"}],"predecessor-version":[{"id":1955,"href":"https:\/\/goscwdom.com\/index.php\/wp-json\/wp\/v2\/pages\/1921\/revisions\/1955"}],"wp:attachment":[{"href":"https:\/\/goscwdom.com\/index.php\/wp-json\/wp\/v2\/media?parent=1921"}],"curies":[{"name":"wp","href":"https:\/\/api.w.org\/{rel}","templated":true}]}}